{"id":478,"date":"2022-05-09T14:09:16","date_gmt":"2022-05-09T14:09:16","guid":{"rendered":"https:\/\/www.jf-guia.pt\/novo\/?page_id=478"},"modified":"2025-12-09T11:28:22","modified_gmt":"2025-12-09T11:28:22","slug":"lares","status":"publish","type":"page","link":"https:\/\/www.jf-guia.pt\/?page_id=478","title":{"rendered":"Lares"},"content":{"rendered":"<p>[et_pb_section fb_built=&#8221;1&#8243; fullwidth=&#8221;on&#8221; _builder_version=&#8221;4.17.3&#8243; _module_preset=&#8221;default&#8221; locked=&#8221;off&#8221; global_colors_info=&#8221;{}&#8221;][et_pb_fullwidth_header _builder_version=&#8221;4.17.3&#8243; _module_preset=&#8221;default&#8221; title_font=&#8221;|700|||||||&#8221; title_text_color=&#8221;#FFFFFF&#8221; title_font_size=&#8221;40px&#8221; background_enable_color=&#8221;off&#8221; background_image=&#8221;https:\/\/www.jf-guia.pt\/novo\/wp-content\/uploads\/2022\/05\/pexels-matthias-zomer-339620.jpg&#8221; background_position=&#8221;bottom_center&#8221; background_vertical_offset=&#8221;48%&#8221; custom_margin=&#8221;||||false|false&#8221; custom_padding=&#8221;100px||100px||false|false&#8221; title_text_shadow_style=&#8221;preset1&#8243; text_shadow_style=&#8221;preset3&#8243; global_colors_info=&#8221;{}&#8221;][\/et_pb_fullwidth_header][\/et_pb_section][et_pb_section fb_built=&#8221;1&#8243; _builder_version=&#8221;4.21.0&#8243; _module_preset=&#8221;default&#8221; global_colors_info=&#8221;{}&#8221;][et_pb_row _builder_version=&#8221;4.21.0&#8243; _module_preset=&#8221;default&#8221; global_colors_info=&#8221;{}&#8221;][et_pb_column type=&#8221;4_4&#8243; _builder_version=&#8221;4.21.0&#8243; _module_preset=&#8221;default&#8221; global_colors_info=&#8221;{}&#8221;][et_pb_text _builder_version=&#8221;4.21.0&#8243; _module_preset=&#8221;default&#8221; global_colors_info=&#8221;{}&#8221;]<\/p>\n<h1>Lares<\/h1>\n<p>[\/et_pb_text][et_pb_text _builder_version=&#8221;4.21.0&#8243; _module_preset=&#8221;default&#8221; global_colors_info=&#8221;{}&#8221;]<\/p>\n<h3>CERCIPOM (Cooperativa de Ensino e Reabilita\u00e7\u00e3o de Cidad\u00e3os Inadaptados de Pombal)<\/h3>\n<h3>Objetivos<\/h3>\n<p>Proporcionar acolhimento e experi\u00eancias bio-psico-sociais gratificantes, quando a fam\u00edlia dos residentes n\u00e3o existe ou \u00e9 disfuncional;<br \/>\nFomentar o empowerment.<\/p>\n<h3>P\u00fablico-Alvo<\/h3>\n<p>Pessoas com defici\u00eancia e\/ou incapacidade a partir dos 16 anos, que frequentem outra resposta da Cercipom ou outra estrutura externa de ensino, forma\u00e7\u00e3o ou emprego.<\/p>\n<h3>Atividades<\/h3>\n<p>As atividades s\u00e3o desenvolvidas nas outras respostas onde os clientes est\u00e3o inseridos no per\u00edodo diurno (exceto fim-de-semana), fora do qual se aproximam o mais poss\u00edvel dum \u201ccontexto familiar normal\u201d. Assim pretendemos:<\/p>\n<p>Promover uma ocupa\u00e7\u00e3o dos tempos livres dos Clientes com atividades por eles valorizadas, e que de alguma forma proporcionem uma maior participa\u00e7\u00e3o na comunidade;<br \/>\nGarantir um acompanhamento m\u00e9dico eficaz e de acordo com as necessidades dos clientes.<\/p>\n<p>Rua dos Lus\u00edadas<br \/>\n3105-463 Guia &#8211; Pombal &#8211; PORTUGAL<br \/>\nTel.:(+351) 236 959 030<span style=\"font-size: 10px;\"> (Chamada para a rede fixa nacional)<\/span><\/p>\n<p><a href=\"http:\/\/www.cercipom.org.pt\/\">http:\/\/www.cercipom.org.pt\/<\/a>[\/et_pb_text][et_pb_divider _builder_version=&#8221;4.21.0&#8243; _module_preset=&#8221;default&#8221; global_colors_info=&#8221;{}&#8221;][\/et_pb_divider][\/et_pb_column][\/et_pb_row][\/et_pb_section]<\/p>\n","protected":false},"excerpt":{"rendered":"<p>LaresCERCIPOM (Cooperativa de Ensino e Reabilita\u00e7\u00e3o de Cidad\u00e3os Inadaptados de Pombal) Objetivos Proporcionar acolhimento e experi\u00eancias bio-psico-sociais gratificantes, quando a fam\u00edlia dos residentes n\u00e3o existe ou \u00e9 disfuncional; Fomentar o empowerment. P\u00fablico-Alvo Pessoas com defici\u00eancia e\/ou incapacidade a partir dos 16 anos, que frequentem outra resposta da Cercipom ou outra estrutura externa de ensino, forma\u00e7\u00e3o [&hellip;]<\/p>\n","protected":false},"author":2,"featured_media":0,"parent":0,"menu_order":0,"comment_status":"closed","ping_status":"closed","template":"","meta":{"_et_pb_use_builder":"on","_et_pb_old_content":"","_et_gb_content_width":"","footnotes":""},"class_list":["post-478","page","type-page","status-publish","hentry"],"_links":{"self":[{"href":"https:\/\/www.jf-guia.pt\/index.php?rest_route=\/wp\/v2\/pages\/478","targetHints":{"allow":["GET"]}}],"collection":[{"href":"https:\/\/www.jf-guia.pt\/index.php?rest_route=\/wp\/v2\/pages"}],"about":[{"href":"https:\/\/www.jf-guia.pt\/index.php?rest_route=\/wp\/v2\/types\/page"}],"author":[{"embeddable":true,"href":"https:\/\/www.jf-guia.pt\/index.php?rest_route=\/wp\/v2\/users\/2"}],"replies":[{"embeddable":true,"href":"https:\/\/www.jf-guia.pt\/index.php?rest_route=%2Fwp%2Fv2%2Fcomments&post=478"}],"version-history":[{"count":7,"href":"https:\/\/www.jf-guia.pt\/index.php?rest_route=\/wp\/v2\/pages\/478\/revisions"}],"predecessor-version":[{"id":1845,"href":"https:\/\/www.jf-guia.pt\/index.php?rest_route=\/wp\/v2\/pages\/478\/revisions\/1845"}],"wp:attachment":[{"href":"https:\/\/www.jf-guia.pt\/index.php?rest_route=%2Fwp%2Fv2%2Fmedia&parent=478"}],"curies":[{"name":"wp","href":"https:\/\/api.w.org\/{rel}","templated":true}]}}