{"id":424,"date":"2022-05-09T13:53:04","date_gmt":"2022-05-09T13:53:04","guid":{"rendered":"https:\/\/www.jf-guia.pt\/novo\/?page_id=424"},"modified":"2023-07-10T09:42:03","modified_gmt":"2023-07-10T09:42:03","slug":"parcerias","status":"publish","type":"page","link":"https:\/\/www.jf-guia.pt\/?page_id=424","title":{"rendered":"Parcerias"},"content":{"rendered":"<p>[et_pb_section fb_built=&#8221;1&#8243; fullwidth=&#8221;on&#8221; _builder_version=&#8221;4.17.3&#8243; _module_preset=&#8221;default&#8221; locked=&#8221;off&#8221; global_colors_info=&#8221;{}&#8221;][et_pb_fullwidth_header _builder_version=&#8221;4.17.3&#8243; _module_preset=&#8221;default&#8221; title_font=&#8221;|700|||||||&#8221; title_text_color=&#8221;#FFFFFF&#8221; title_font_size=&#8221;40px&#8221; background_enable_color=&#8221;off&#8221; background_image=&#8221;https:\/\/www.jf-guia.pt\/novo\/wp-content\/uploads\/2022\/05\/pexels-cytonn-photography-955395-min.jpg&#8221; background_position=&#8221;bottom_center&#8221; background_vertical_offset=&#8221;37%&#8221; custom_margin=&#8221;||||false|false&#8221; custom_padding=&#8221;100px||100px||false|false&#8221; title_text_shadow_style=&#8221;preset1&#8243; text_shadow_style=&#8221;preset3&#8243; global_colors_info=&#8221;{}&#8221;][\/et_pb_fullwidth_header][\/et_pb_section][et_pb_section fb_built=&#8221;1&#8243; fullwidth=&#8221;on&#8221; _builder_version=&#8221;4.16&#8243; locked=&#8221;off&#8221; global_colors_info=&#8221;{}&#8221;][et_pb_fullwidth_header title=&#8221;Parcerias&#8221; background_overlay_color=&#8221;#FFFFFF&#8221; _builder_version=&#8221;4.21.0&#8243; title_text_color=&#8221;#416939&#8243; title_font_size=&#8221;40px&#8221; background_color=&#8221;#ffffff&#8221; use_background_color_gradient=&#8221;on&#8221; background_color_gradient_direction=&#8221;146deg&#8221; background_color_gradient_stops=&#8221;rgba(95,160,216,0.99) 0%|rgba(118,159,193,0.33) 100%&#8221; background_color_gradient_overlays_image=&#8221;on&#8221; background_color_gradient_start=&#8221;rgba(95,160,216,0.99)&#8221; background_color_gradient_end=&#8221;rgba(118,159,193,0.33)&#8221; background_image=&#8221;https:\/\/www.jf-guia.pt\/novo\/wp-content\/uploads\/2017\/02\/sl_1.jpg&#8221; hover_enabled=&#8221;0&#8243; global_colors_info=&#8221;{}&#8221; content_text_color=&#8221;#000000&#8243; sticky_enabled=&#8221;0&#8243;]<\/p>\n<ul>\n<li>Instituto de Emprego e Forma\u00e7\u00e3o Profissional, I.P;<\/li>\n<li>Delega\u00e7\u00e3o Regional de Reinser\u00e7\u00e3o do Centro da Dire\u00e7\u00e3o-Geral de Reinser\u00e7\u00e3o e Servi\u00e7os Prisionais;<\/li>\n<li>Instituto Portugu\u00eas da Juventude, I.P.;<\/li>\n<li>Instituto da Seguran\u00e7a Social, I.P.;<\/li>\n<li>Banco Alimentar Leiria F\u00e1tima;<\/li>\n<li>ATL da C\u00e1ritas Diocesana de Coimbra<\/li>\n<li>Agrupamento de Escolas da Guia;<\/li>\n<li>Instituto D. Jo\u00e3o V;<\/li>\n<li>Agrupamento de Escolas Gualdim de Pais;<\/li>\n<li>ANAFRE;<\/li>\n<li>CTT \u2013 Correios de Portugal.<\/li>\n<li>Instituto Polit\u00e9cnico de Leiria<\/li>\n<li>ETAP \u2013 Escola Tecnol\u00f3gica, Art\u00edstica e Profissional de Pombal<\/li>\n<li>AICP | Associa\u00e7\u00e3o de Industriais do Concelho de Pombal<\/li>\n<li>ETP Sic\u00f3 &#8211; Escola Tecnol\u00f3gica e Profissional de Sic\u00f3<\/li>\n<li>Munic\u00edpio de Pombal<\/li>\n<li>CERCIPOM &#8211; Cooperativa de Ensino e Reabilita\u00e7\u00e3o de Cidad\u00e3os Inadaptados de Pombal<\/li>\n<li>Centro Social e Paroquial da Ilha \u2013 Obra da Sagrada Fam\u00edlia<\/li>\n<li>ACUREDE &#8211; Associa\u00e7\u00e3o de Promo\u00e7\u00e3o Social, Cultural, Recreativa e Desportiva<\/li>\n<li>Associa\u00e7\u00e3o Desportiva, Recreativa e Cultural da Moita do Boi<\/li>\n<li>Santa Casa da Miseric\u00f3rdia da Redinha<\/li>\n<li>Gabinete de Apoio \u00e0 V\u00edtima de Viol\u00eancia<\/li>\n<li>Centro Social e Paroquial da Ilha- Obra Social da Sagrada Fam\u00edlia<\/li>\n<\/ul>\n<p>[\/et_pb_fullwidth_header][\/et_pb_section]<\/p>\n","protected":false},"excerpt":{"rendered":"<p>Instituto de Emprego e Forma\u00e7\u00e3o Profissional, I.P; Delega\u00e7\u00e3o Regional de Reinser\u00e7\u00e3o do Centro da Dire\u00e7\u00e3o-Geral de Reinser\u00e7\u00e3o e Servi\u00e7os Prisionais; Instituto Portugu\u00eas da Juventude, I.P.; Instituto da Seguran\u00e7a Social, I.P.; Banco Alimentar Leiria F\u00e1tima; ATL da C\u00e1ritas Diocesana de Coimbra Agrupamento de Escolas da Guia; Instituto D. Jo\u00e3o V; Agrupamento de Escolas Gualdim de Pais; [&hellip;]<\/p>\n","protected":false},"author":2,"featured_media":0,"parent":0,"menu_order":0,"comment_status":"closed","ping_status":"closed","template":"","meta":{"_et_pb_use_builder":"on","_et_pb_old_content":"","_et_gb_content_width":"","footnotes":""},"class_list":["post-424","page","type-page","status-publish","hentry"],"_links":{"self":[{"href":"https:\/\/www.jf-guia.pt\/index.php?rest_route=\/wp\/v2\/pages\/424","targetHints":{"allow":["GET"]}}],"collection":[{"href":"https:\/\/www.jf-guia.pt\/index.php?rest_route=\/wp\/v2\/pages"}],"about":[{"href":"https:\/\/www.jf-guia.pt\/index.php?rest_route=\/wp\/v2\/types\/page"}],"author":[{"embeddable":true,"href":"https:\/\/www.jf-guia.pt\/index.php?rest_route=\/wp\/v2\/users\/2"}],"replies":[{"embeddable":true,"href":"https:\/\/www.jf-guia.pt\/index.php?rest_route=%2Fwp%2Fv2%2Fcomments&post=424"}],"version-history":[{"count":5,"href":"https:\/\/www.jf-guia.pt\/index.php?rest_route=\/wp\/v2\/pages\/424\/revisions"}],"predecessor-version":[{"id":1473,"href":"https:\/\/www.jf-guia.pt\/index.php?rest_route=\/wp\/v2\/pages\/424\/revisions\/1473"}],"wp:attachment":[{"href":"https:\/\/www.jf-guia.pt\/index.php?rest_route=%2Fwp%2Fv2%2Fmedia&parent=424"}],"curies":[{"name":"wp","href":"https:\/\/api.w.org\/{rel}","templated":true}]}}