{"id":388,"date":"2022-05-06T14:16:31","date_gmt":"2022-05-06T14:16:31","guid":{"rendered":"https:\/\/www.jf-guia.pt\/novo\/?page_id=388"},"modified":"2025-11-05T15:52:30","modified_gmt":"2025-11-05T15:52:30","slug":"historia","status":"publish","type":"page","link":"https:\/\/www.jf-guia.pt\/?page_id=388","title":{"rendered":"Hist\u00f3ria"},"content":{"rendered":"<p>[et_pb_section fb_built=&#8221;1&#8243; fullwidth=&#8221;on&#8221; _builder_version=&#8221;4.17.3&#8243; _module_preset=&#8221;default&#8221; locked=&#8221;off&#8221; global_colors_info=&#8221;{}&#8221;][et_pb_fullwidth_header _builder_version=&#8221;4.27.4&#8243; _module_preset=&#8221;default&#8221; title_font=&#8221;|700|||||||&#8221; title_text_color=&#8221;#FFFFFF&#8221; title_font_size=&#8221;40px&#8221; background_enable_color=&#8221;off&#8221; background_image=&#8221;https:\/\/www.jf-guia.pt\/novo\/wp-content\/uploads\/2025\/11\/Header-2.jpg&#8221; background_position=&#8221;bottom_center&#8221; background_vertical_offset=&#8221;65%&#8221; custom_margin=&#8221;||||false|false&#8221; custom_padding=&#8221;100px||100px||false|false&#8221; hover_enabled=&#8221;0&#8243; title_text_shadow_style=&#8221;preset1&#8243; text_shadow_style=&#8221;preset3&#8243; global_colors_info=&#8221;{}&#8221; sticky_enabled=&#8221;0&#8243;][\/et_pb_fullwidth_header][\/et_pb_section][et_pb_section fb_built=&#8221;1&#8243; theme_builder_area=&#8221;post_content&#8221; _builder_version=&#8221;4.27.4&#8243; _module_preset=&#8221;default&#8221;][et_pb_row _builder_version=&#8221;4.27.4&#8243; _module_preset=&#8221;default&#8221; theme_builder_area=&#8221;post_content&#8221;][et_pb_column _builder_version=&#8221;4.27.4&#8243; _module_preset=&#8221;default&#8221; type=&#8221;4_4&#8243; theme_builder_area=&#8221;post_content&#8221;][et_pb_text _builder_version=&#8221;4.27.4&#8243; _module_preset=&#8221;default&#8221; theme_builder_area=&#8221;post_content&#8221; hover_enabled=&#8221;0&#8243; sticky_enabled=&#8221;0&#8243; header_font_size=&#8221;40px&#8221;]<\/p>\n<h1 style=\"text-align: justify;\">Hist\u00f3ria<\/h1>\n<p style=\"text-align: justify;\">A sua origem \u00e9 anterior a 1620. Segundo Frei Agostinho de Santa Maria na sua descri\u00e7\u00e3o \u201cDa milagrosa imagem de Nossa Senhora da Guia, Livro II, titulo XXXXII, Edi\u00e7\u00e3o de 1707-1723\u201d e Pinho Leal era \u201cuma solit\u00e1ria mas agrad\u00e1vel plan\u00edcie, a vista do mar, se v\u00ea uma dilatada marinha que corre da foz do Mondego, at\u00e9 \u00e0 de Octavim, no sitio antigamente chamado Logar ou Casal dos Francezes ou Casal da Serra. Uma pequena aldeia, chamada de Nossa Senhora da Guia, cercada pelos lugares de Outeiro, Martinho, Seixo e Casal da Serra\u201d.<\/p>\n<p style=\"text-align: justify;\">No per\u00edodo das invas\u00f5es Francesas, os militares da Napole\u00e3o estiveram albergados no Templo da Senhora da Guia, onde permaneceram com os seus cavalos, destruindo e pilhando, o que haviam encontrado.<\/p>\n<p style=\"text-align: justify;\">Um lugar pobre, mas de pessoas empenhadas, porque resolveram construir em 1620 uma ermida dedicada a Nossa Senhora da Guia, por devo\u00e7\u00e3o \u00e0 Sant\u00edssima Estrela dos navegantes (Ave Maris Stella).<\/p>\n<p style=\"text-align: justify;\">\u00c9 caracterizada por ter sido um grande centro industrial, entre 1903 e 1970.<\/p>\n<p style=\"text-align: justify;\">Em 1961\/62 o Externato da Guia iniciou a sua actividade com ensino preparat\u00f3rio e terceiro ciclo, para promover o ensino, cultura, saber e arte aos adolescentes e jovens da regi\u00e3o. Ap\u00f3s o 25 de Abril de 1974, as escolas privadas sofreram algumas dificuldades, sendo-lhes dif\u00edcil dar resposta \u00e0 democratiza\u00e7\u00e3o do ensino, que conduziu ao acesso em massa dos estudantes com a institucionaliza\u00e7\u00e3o do ensino gratuito e obrigat\u00f3rio, pelo que o Externato foi extinto para dar lugar \u00e0 Escola EB 2,3\/S da Guia.<\/p>\n<p style=\"text-align: justify;\">Actualmente, a popula\u00e7\u00e3o est\u00e1 distribu\u00edda pelos seguintes lugares: Pedrogueira, Esta\u00e7\u00e3o, Seixo, Outeiro Martinho, M\u00f3, Ant\u00f5es e Moita do Boi, Casal da Clara e Grou.<\/p>\n<p style=\"text-align: justify;\">A popula\u00e7\u00e3o activa distribui-se pelos diversos sectores profissionais, na freguesia, na sede de concelho, ou na sede de Distrito.<\/p>\n<p>[\/et_pb_text][\/et_pb_column][\/et_pb_row][et_pb_row _builder_version=&#8221;4.17.3&#8243; _module_preset=&#8221;default&#8221; hover_enabled=&#8221;0&#8243; global_colors_info=&#8221;{}&#8221; sticky_enabled=&#8221;0&#8243; theme_builder_area=&#8221;post_content&#8221;][et_pb_column type=&#8221;4_4&#8243; _builder_version=&#8221;4.17.3&#8243; _module_preset=&#8221;default&#8221; global_colors_info=&#8221;{}&#8221; theme_builder_area=&#8221;post_content&#8221;][et_pb_text _builder_version=&#8221;4.27.4&#8243; _module_preset=&#8221;default&#8221; custom_margin=&#8221;||||false|false&#8221; hover_enabled=&#8221;0&#8243; global_colors_info=&#8221;{}&#8221; sticky_enabled=&#8221;0&#8243; theme_builder_area=&#8221;post_content&#8221;]<\/p>\n<h3 style=\"text-align: justify;\">Curiosidades da Guia<\/h3>\n<p style=\"text-align: justify;\">A Guia foi uma das freguesias mais jovens do Concelho de Pombal tendo sido criada pelo Decreto Lei\u00a0 74\/84 de 31 de Dezembro de 1984, aprovada pela Assembleia de Rep\u00fablica e publicada na I s\u00e9rie &#8211; n\u00ba 301 do Di\u00e1rio da Rep\u00fablica de 31 de Dezembro de 1984. A Guia e o Carri\u00e7o englobam a \u00fanica parte da orla mar\u00edtima do Concelho de Pombal.<\/p>\n<p style=\"text-align: justify;\">Em 1 de Julho de 2003 a Guia foi elevada \u00e0 categoria de vila.<\/p>\n<p style=\"text-align: justify;\"><strong>Milagre de Nossa Senhora da Guia<\/strong><br \/>Por volta de 1675, durante as lada\u00ednhas de Maio, os fi\u00e9is que assistiam \u00e0 missa viram a Virgem suar, o que lhes causou grande admira\u00e7\u00e3o. Logo o milagre correu, ganhando fama e atra\u00edndo cada vez mais fi\u00e9is que resolveram construir \u00e0 virgem um templo mais digno. Os crentes juram que a Virgem suou 99 vezes. Apesar do milagre a freguesia foi assolada nos anos seguintes pela fome e muitas calamidades.<\/p>\n<p>[\/et_pb_text][\/et_pb_column][\/et_pb_row][\/et_pb_section]<\/p>\n","protected":false},"excerpt":{"rendered":"<p>Hist\u00f3ria A sua origem \u00e9 anterior a 1620. Segundo Frei Agostinho de Santa Maria na sua descri\u00e7\u00e3o \u201cDa milagrosa imagem de Nossa Senhora da Guia, Livro II, titulo XXXXII, Edi\u00e7\u00e3o de 1707-1723\u201d e Pinho Leal era \u201cuma solit\u00e1ria mas agrad\u00e1vel plan\u00edcie, a vista do mar, se v\u00ea uma dilatada marinha que corre da foz do [&hellip;]<\/p>\n","protected":false},"author":2,"featured_media":0,"parent":0,"menu_order":0,"comment_status":"closed","ping_status":"closed","template":"","meta":{"_et_pb_use_builder":"on","_et_pb_old_content":"","_et_gb_content_width":"","footnotes":""},"class_list":["post-388","page","type-page","status-publish","hentry"],"_links":{"self":[{"href":"https:\/\/www.jf-guia.pt\/index.php?rest_route=\/wp\/v2\/pages\/388","targetHints":{"allow":["GET"]}}],"collection":[{"href":"https:\/\/www.jf-guia.pt\/index.php?rest_route=\/wp\/v2\/pages"}],"about":[{"href":"https:\/\/www.jf-guia.pt\/index.php?rest_route=\/wp\/v2\/types\/page"}],"author":[{"embeddable":true,"href":"https:\/\/www.jf-guia.pt\/index.php?rest_route=\/wp\/v2\/users\/2"}],"replies":[{"embeddable":true,"href":"https:\/\/www.jf-guia.pt\/index.php?rest_route=%2Fwp%2Fv2%2Fcomments&post=388"}],"version-history":[{"count":7,"href":"https:\/\/www.jf-guia.pt\/index.php?rest_route=\/wp\/v2\/pages\/388\/revisions"}],"predecessor-version":[{"id":1805,"href":"https:\/\/www.jf-guia.pt\/index.php?rest_route=\/wp\/v2\/pages\/388\/revisions\/1805"}],"wp:attachment":[{"href":"https:\/\/www.jf-guia.pt\/index.php?rest_route=%2Fwp%2Fv2%2Fmedia&parent=388"}],"curies":[{"name":"wp","href":"https:\/\/api.w.org\/{rel}","templated":true}]}}