{"id":370,"date":"2022-05-06T14:13:16","date_gmt":"2022-05-06T14:13:16","guid":{"rendered":"https:\/\/www.jf-guia.pt\/novo\/?page_id=370"},"modified":"2025-12-18T11:41:59","modified_gmt":"2025-12-18T11:41:59","slug":"csf-comissao-social","status":"publish","type":"page","link":"https:\/\/www.jf-guia.pt\/?page_id=370","title":{"rendered":"CSF &#8211; Comiss\u00e3o Social"},"content":{"rendered":"<p>[et_pb_section fb_built=&#8221;1&#8243; fullwidth=&#8221;on&#8221; _builder_version=&#8221;4.17.3&#8243; _module_preset=&#8221;default&#8221; locked=&#8221;off&#8221; global_colors_info=&#8221;{}&#8221;][et_pb_fullwidth_header _builder_version=&#8221;4.27.5&#8243; _module_preset=&#8221;default&#8221; title_font=&#8221;|700|||||||&#8221; title_text_color=&#8221;#FFFFFF&#8221; title_font_size=&#8221;40px&#8221; background_enable_color=&#8221;off&#8221; background_image=&#8221;https:\/\/www.jf-guia.pt\/novo\/wp-content\/uploads\/2025\/12\/Rossio-5.jpg&#8221; custom_margin=&#8221;||||false|false&#8221; custom_padding=&#8221;100px||100px||false|false&#8221; hover_enabled=&#8221;0&#8243; title_text_shadow_style=&#8221;preset1&#8243; text_shadow_style=&#8221;preset3&#8243; global_colors_info=&#8221;{}&#8221; sticky_enabled=&#8221;0&#8243;][\/et_pb_fullwidth_header][\/et_pb_section][et_pb_section fb_built=&#8221;1&#8243; admin_label=&#8221;section&#8221; _builder_version=&#8221;4.16&#8243; transparent_background=&#8221;off&#8221; global_colors_info=&#8221;{}&#8221;][et_pb_row _builder_version=&#8221;4.17.3&#8243; _module_preset=&#8221;default&#8221; global_colors_info=&#8221;{}&#8221;][et_pb_column type=&#8221;4_4&#8243; _builder_version=&#8221;4.17.3&#8243; _module_preset=&#8221;default&#8221; global_colors_info=&#8221;{}&#8221;][et_pb_text _builder_version=&#8221;4.17.3&#8243; _module_preset=&#8221;default&#8221; global_colors_info=&#8221;{}&#8221;]<\/p>\n<h1>CSF &#8211; Comiss\u00e3o Social<\/h1>\n<p>[\/et_pb_text][et_pb_image src=&#8221;https:\/\/www.jf-guia.pt\/novo\/wp-content\/uploads\/2022\/05\/Logotipo_CSF_G_I_MM-300&#215;149.png&#8221; _builder_version=&#8221;4.17.3&#8243; _module_preset=&#8221;default&#8221; global_colors_info=&#8221;{}&#8221;][\/et_pb_image][\/et_pb_column][\/et_pb_row][et_pb_row _builder_version=&#8221;4.21.0&#8243; _module_preset=&#8221;default&#8221; global_colors_info=&#8221;{}&#8221;][et_pb_column type=&#8221;4_4&#8243; _builder_version=&#8221;4.21.0&#8243; _module_preset=&#8221;default&#8221; global_colors_info=&#8221;{}&#8221;][et_pb_text _builder_version=&#8221;4.21.0&#8243; _module_preset=&#8221;default&#8221; global_colors_info=&#8221;{}&#8221;]<\/p>\n<p style=\"text-align: justify;\">Integrada na Rede Social, conforme Decreto-lei n.\u00ba115\/2006 de 14 de Junho, a <strong>Comiss\u00e3o Social de Freguesia da Guia, Ilha e Mata Mourisca<\/strong> surge fundamentalmente devido \u00e0 necessidade de intervir em situa\u00e7\u00f5es de pobreza e exclus\u00e3o social atrav\u00e9s de uma parceria efetiva entre v\u00e1rias institui\u00e7\u00f5es e servi\u00e7os p\u00fablicos e privados. A Comiss\u00e3o Social de Freguesia foi criada em 2010 e \u00e9 presidida pelo Presidente da Junta de Freguesia e tem um Regulamento interno em funcionamento.<\/p>\n<p style=\"text-align: justify;\"><strong>Objetivos (s\u00edntese):<\/strong><\/p>\n<ul>\n<li style=\"text-align: justify;\">Sinalizar as situa\u00e7\u00f5es mais graves de pobreza e exclus\u00e3o social presentes na freguesia;<\/li>\n<li style=\"text-align: justify;\">Apresentar a articular propostas de a\u00e7\u00e3o a partir dos recursos existentes mediante a comunica\u00e7\u00e3o com todos os Agentes Socias;<\/li>\n<li style=\"text-align: justify;\">Recolher Informa\u00e7\u00e3o e elaborar indicadores relativos aos problemas identificados no local e promover a participa\u00e7\u00e3o dos agentes da Freguesia para procura de solu\u00e7\u00f5es;<\/li>\n<li style=\"text-align: justify;\">Inovar e sistematizar a melhoria da qualidade e efic\u00e1cia das respostas sociais.<\/li>\n<\/ul>\n<p><strong>O Gabinete Faz:<\/strong><\/p>\n<ul>\n<li>Encaminhamento para outras entidades:<\/li>\n<li>Acompanha situa\u00e7\u00f5es relacionadas com idosos;<\/li>\n<li>Acompanha situa\u00e7\u00f5es relacionadas menores em risco;<\/li>\n<li>Acompanha situa\u00e7\u00f5es relacionadas habita\u00e7\u00e3o sem condi\u00e7\u00f5es;<\/li>\n<li>Candidaturas a a\u00e7\u00e3o social escolar;<\/li>\n<li>Acompanha situa\u00e7\u00f5es relacionadas doen\u00e7a;<\/li>\n<li>Apoio alimentar;<\/li>\n<li>Apoio psicossocial;<\/li>\n<li>Entre outros&#8230;<\/li>\n<\/ul>\n<p><strong>Todos estes servi\u00e7os s\u00e3o gratuitos, mas \u00e9 sujeito a marca\u00e7\u00e3o.<\/strong><\/p>\n<p><strong>T\u00e9cnica Respons\u00e1vel<\/strong> | Filipa Santos | email: csf@jf-guia.pt | Contacto telef\u00f3nico: 963 323 577 <span style=\"font-size: 10px;\"> (Chamada para a rede m\u00f3vel nacional)<\/span> e 236 951 659 <span style=\"font-size: 10px;\"> (Chamada para a rede fixa nacional)<\/span><\/p>\n<p>[\/et_pb_text][\/et_pb_column][\/et_pb_row][\/et_pb_section]<\/p>\n","protected":false},"excerpt":{"rendered":"<p>CSF &#8211; Comiss\u00e3o SocialIntegrada na Rede Social, conforme Decreto-lei n.\u00ba115\/2006 de 14 de Junho, a Comiss\u00e3o Social de Freguesia da Guia, Ilha e Mata Mourisca surge fundamentalmente devido \u00e0 necessidade de intervir em situa\u00e7\u00f5es de pobreza e exclus\u00e3o social atrav\u00e9s de uma parceria efetiva entre v\u00e1rias institui\u00e7\u00f5es e servi\u00e7os p\u00fablicos e privados. A Comiss\u00e3o Social [&hellip;]<\/p>\n","protected":false},"author":2,"featured_media":0,"parent":0,"menu_order":0,"comment_status":"closed","ping_status":"closed","template":"","meta":{"_et_pb_use_builder":"on","_et_pb_old_content":"","_et_gb_content_width":"","footnotes":""},"class_list":["post-370","page","type-page","status-publish","hentry"],"_links":{"self":[{"href":"https:\/\/www.jf-guia.pt\/index.php?rest_route=\/wp\/v2\/pages\/370","targetHints":{"allow":["GET"]}}],"collection":[{"href":"https:\/\/www.jf-guia.pt\/index.php?rest_route=\/wp\/v2\/pages"}],"about":[{"href":"https:\/\/www.jf-guia.pt\/index.php?rest_route=\/wp\/v2\/types\/page"}],"author":[{"embeddable":true,"href":"https:\/\/www.jf-guia.pt\/index.php?rest_route=\/wp\/v2\/users\/2"}],"replies":[{"embeddable":true,"href":"https:\/\/www.jf-guia.pt\/index.php?rest_route=%2Fwp%2Fv2%2Fcomments&post=370"}],"version-history":[{"count":13,"href":"https:\/\/www.jf-guia.pt\/index.php?rest_route=\/wp\/v2\/pages\/370\/revisions"}],"predecessor-version":[{"id":1982,"href":"https:\/\/www.jf-guia.pt\/index.php?rest_route=\/wp\/v2\/pages\/370\/revisions\/1982"}],"wp:attachment":[{"href":"https:\/\/www.jf-guia.pt\/index.php?rest_route=%2Fwp%2Fv2%2Fmedia&parent=370"}],"curies":[{"name":"wp","href":"https:\/\/api.w.org\/{rel}","templated":true}]}}