{"id":361,"date":"2022-05-06T14:11:37","date_gmt":"2022-05-06T14:11:37","guid":{"rendered":"https:\/\/www.jf-guia.pt\/novo\/?page_id=361"},"modified":"2023-07-10T09:42:02","modified_gmt":"2023-07-10T09:42:02","slug":"gip-gabinete-de-insercao-profissional","status":"publish","type":"page","link":"https:\/\/www.jf-guia.pt\/?page_id=361","title":{"rendered":"GIP &#8211; Gabinete de Inser\u00e7\u00e3o Profissional"},"content":{"rendered":"<p>[et_pb_section fb_built=&#8221;1&#8243; fullwidth=&#8221;on&#8221; _builder_version=&#8221;4.17.3&#8243; _module_preset=&#8221;default&#8221; locked=&#8221;off&#8221; global_colors_info=&#8221;{}&#8221;][et_pb_fullwidth_header _builder_version=&#8221;4.17.3&#8243; _module_preset=&#8221;default&#8221; title_font=&#8221;|700|||||||&#8221; title_text_color=&#8221;#FFFFFF&#8221; title_font_size=&#8221;40px&#8221; background_enable_color=&#8221;off&#8221; background_image=&#8221;https:\/\/www.jf-guia.pt\/novo\/wp-content\/uploads\/2022\/05\/pexels-marcus-aurelius-4064027-min.jpg&#8221; background_position=&#8221;bottom_center&#8221; background_vertical_offset=&#8221;22%&#8221; custom_margin=&#8221;||||false|false&#8221; custom_padding=&#8221;100px||100px||false|false&#8221; title_text_shadow_style=&#8221;preset1&#8243; text_shadow_style=&#8221;preset3&#8243; global_colors_info=&#8221;{}&#8221;][\/et_pb_fullwidth_header][\/et_pb_section][et_pb_section fb_built=&#8221;1&#8243; fullwidth=&#8221;on&#8221; _builder_version=&#8221;4.16&#8243; locked=&#8221;off&#8221; global_colors_info=&#8221;{}&#8221;][et_pb_fullwidth_header title=&#8221;GIP &#8211; Gabinete de Inser\u00e7\u00e3o Profissional&#8221; background_overlay_color=&#8221;#FFFFFF&#8221; _builder_version=&#8221;4.17.3&#8243; title_text_color=&#8221;#416939&#8243; title_font_size=&#8221;40px&#8221; background_color=&#8221;#ffffff&#8221; use_background_color_gradient=&#8221;on&#8221; background_color_gradient_direction=&#8221;146deg&#8221; background_color_gradient_stops=&#8221;rgba(95,160,216,0.99) 0%|rgba(118,159,193,0.33) 100%&#8221; background_color_gradient_overlays_image=&#8221;on&#8221; background_color_gradient_start=&#8221;rgba(95,160,216,0.99)&#8221; background_color_gradient_end=&#8221;rgba(118,159,193,0.33)&#8221; background_image=&#8221;https:\/\/www.jf-guia.pt\/novo\/wp-content\/uploads\/2017\/02\/sl_1.jpg&#8221; global_colors_info=&#8221;{}&#8221;][\/et_pb_fullwidth_header][\/et_pb_section][et_pb_section fb_built=&#8221;1&#8243; _builder_version=&#8221;4.17.3&#8243; _module_preset=&#8221;default&#8221; global_colors_info=&#8221;{}&#8221;][et_pb_row _builder_version=&#8221;4.17.3&#8243; _module_preset=&#8221;default&#8221; global_colors_info=&#8221;{}&#8221;][et_pb_column type=&#8221;4_4&#8243; _builder_version=&#8221;4.17.3&#8243; _module_preset=&#8221;default&#8221; global_colors_info=&#8221;{}&#8221;][et_pb_image src=&#8221;https:\/\/www.jf-guia.pt\/novo\/wp-content\/uploads\/2022\/05\/logo_gip_uniao_freguesias-300&#215;79.png&#8221; _builder_version=&#8221;4.17.3&#8243; _module_preset=&#8221;default&#8221; global_colors_info=&#8221;{}&#8221;][\/et_pb_image][\/et_pb_column][\/et_pb_row][et_pb_row _builder_version=&#8221;4.21.0&#8243; _module_preset=&#8221;default&#8221;][et_pb_column _builder_version=&#8221;4.21.0&#8243; _module_preset=&#8221;default&#8221; type=&#8221;4_4&#8243;][et_pb_text _builder_version=&#8221;4.21.0&#8243; _module_preset=&#8221;default&#8221; hover_enabled=&#8221;0&#8243; sticky_enabled=&#8221;0&#8243;]<\/p>\n<p style=\"text-align: justify;\">O GIP da Freguesia da Guia, Ilha e Mata Mourisca surgiu de uma parceria entre a Junta de Freguesia de Guia e o IEFP \u2013 Instituto de Emprego e Forma\u00e7\u00e3o Profissional e encontra-se a funcionar desde junho de 2012, nas instala\u00e7\u00f5es da Junta, em Guia.<\/p>\n<p style=\"text-align: justify;\">Desde outubro de 2013 com a agrega\u00e7\u00e3o de freguesias, o protocolo existente \u00e9 entre o IEFP e a atual freguesia de Guia, Ilha e Mata Mourisca.<\/p>\n<p style=\"text-align: justify;\">O GIP tem como principal miss\u00e3o apoiar jovens e adultos desempregados na defini\u00e7\u00e3o ou desenvolvimento do seu percurso de inser\u00e7\u00e3o\/ reinser\u00e7\u00e3o no mercado e apoiar as empresas na procura dos recursos humanos adequados.<\/p>\n<p>Apoio aos desempregados:<\/p>\n<ul>\n<li>Apoio na inscri\u00e7\u00e3o online dos candidatos a emprego;<\/li>\n<li>Apresenta\u00e7\u00e3o de desempregados a ofertas de emprego;<\/li>\n<li>Encaminhamentos e informa\u00e7\u00f5es sobre forma\u00e7\u00f5es;<\/li>\n<li>Apoio na elabora\u00e7\u00e3o do CV e tutoria individual na procura ativa de emprego;<\/li>\n<li>Sess\u00f5es de grupo de apoio ao processo de integra\u00e7\u00e3o no mercado de trabalho.<\/li>\n<\/ul>\n<p>Apoio \u00e0s entidades empregadoras:<\/p>\n<ul>\n<li>Divulga\u00e7\u00e3o e registo das suas ofertas de emprego;<\/li>\n<li>Apoio na pr\u00e9-sele\u00e7\u00e3o de candidatos \u00e0s suas ofertas de emprego;<\/li>\n<li>Informa\u00e7\u00e3o sobre medidas de apoio ao emprego de que o IEFP disp\u00f5e e aux\u00edlio na candidatura \u00e0s mesmas.<\/li>\n<\/ul>\n<p><strong>Todos estes servi\u00e7os s\u00e3o gratuitos.<\/strong><\/p>\n<p><strong>T\u00e9cnica Respons\u00e1vel<\/strong> | Susana Constante | email: gip@jf-guia.pt | Contactos telef\u00f3nicos: 969 689 822 <span style=\"font-size: 10px;\"> (Chamada para a rede m\u00f3vel nacional)<\/span> e 236 951 659 <span style=\"font-size: 10px;\"> (Chamada para a rede fixa nacional)<\/span><\/p>\n<p><strong>Hor\u00e1rio de Atendimento<\/strong> | Dias \u00fateis, das 9h \u00e0s 12h30 e das 14h \u00e0s 16h30.<\/p>\n<p>[\/et_pb_text][\/et_pb_column][\/et_pb_row][\/et_pb_section]<\/p>\n","protected":false},"excerpt":{"rendered":"<p>O GIP da Freguesia da Guia, Ilha e Mata Mourisca surgiu de uma parceria entre a Junta de Freguesia de Guia e o IEFP \u2013 Instituto de Emprego e Forma\u00e7\u00e3o Profissional e encontra-se a funcionar desde junho de 2012, nas instala\u00e7\u00f5es da Junta, em Guia. Desde outubro de 2013 com a agrega\u00e7\u00e3o de freguesias, o [&hellip;]<\/p>\n","protected":false},"author":2,"featured_media":0,"parent":0,"menu_order":0,"comment_status":"closed","ping_status":"closed","template":"","meta":{"_et_pb_use_builder":"on","_et_pb_old_content":"","_et_gb_content_width":"","footnotes":""},"class_list":["post-361","page","type-page","status-publish","hentry"],"_links":{"self":[{"href":"https:\/\/www.jf-guia.pt\/index.php?rest_route=\/wp\/v2\/pages\/361","targetHints":{"allow":["GET"]}}],"collection":[{"href":"https:\/\/www.jf-guia.pt\/index.php?rest_route=\/wp\/v2\/pages"}],"about":[{"href":"https:\/\/www.jf-guia.pt\/index.php?rest_route=\/wp\/v2\/types\/page"}],"author":[{"embeddable":true,"href":"https:\/\/www.jf-guia.pt\/index.php?rest_route=\/wp\/v2\/users\/2"}],"replies":[{"embeddable":true,"href":"https:\/\/www.jf-guia.pt\/index.php?rest_route=%2Fwp%2Fv2%2Fcomments&post=361"}],"version-history":[{"count":8,"href":"https:\/\/www.jf-guia.pt\/index.php?rest_route=\/wp\/v2\/pages\/361\/revisions"}],"predecessor-version":[{"id":1445,"href":"https:\/\/www.jf-guia.pt\/index.php?rest_route=\/wp\/v2\/pages\/361\/revisions\/1445"}],"wp:attachment":[{"href":"https:\/\/www.jf-guia.pt\/index.php?rest_route=%2Fwp%2Fv2%2Fmedia&parent=361"}],"curies":[{"name":"wp","href":"https:\/\/api.w.org\/{rel}","templated":true}]}}