{"id":358,"date":"2022-05-06T14:11:13","date_gmt":"2022-05-06T14:11:13","guid":{"rendered":"https:\/\/www.jf-guia.pt\/novo\/?page_id=358"},"modified":"2023-07-10T09:42:01","modified_gmt":"2023-07-10T09:42:01","slug":"bm","status":"publish","type":"page","link":"https:\/\/www.jf-guia.pt\/?page_id=358","title":{"rendered":"B@M"},"content":{"rendered":"<p>[et_pb_section fb_built=&#8221;1&#8243; fullwidth=&#8221;on&#8221; _builder_version=&#8221;4.17.3&#8243; _module_preset=&#8221;default&#8221; locked=&#8221;off&#8221; global_colors_info=&#8221;{}&#8221;][et_pb_fullwidth_header _builder_version=&#8221;4.17.3&#8243; _module_preset=&#8221;default&#8221; title_font=&#8221;|700|||||||&#8221; title_text_color=&#8221;#FFFFFF&#8221; title_font_size=&#8221;40px&#8221; background_enable_color=&#8221;off&#8221; background_image=&#8221;https:\/\/www.jf-guia.pt\/novo\/wp-content\/uploads\/2022\/05\/PONTE-D-MARIA-3-1024&#215;683-1.jpg&#8221; background_position=&#8221;bottom_center&#8221; background_vertical_offset=&#8221;54%&#8221; custom_margin=&#8221;||||false|false&#8221; custom_padding=&#8221;100px||100px||false|false&#8221; hover_enabled=&#8221;0&#8243; title_text_shadow_style=&#8221;preset1&#8243; text_shadow_style=&#8221;preset3&#8243; global_colors_info=&#8221;{}&#8221; title_text=&#8221;PONTE-D-MARIA-3-1024&#215;683&#8243; sticky_enabled=&#8221;0&#8243;][\/et_pb_fullwidth_header][\/et_pb_section][et_pb_section fb_built=&#8221;1&#8243; fullwidth=&#8221;on&#8221; _builder_version=&#8221;4.16&#8243; locked=&#8221;off&#8221; global_colors_info=&#8221;{}&#8221;][et_pb_fullwidth_header title=&#8221;B@M&#8221; background_overlay_color=&#8221;#FFFFFF&#8221; _builder_version=&#8221;4.17.3&#8243; title_text_color=&#8221;#416939&#8243; title_font_size=&#8221;40px&#8221; content_text_color=&#8221;#416939&#8243; background_color=&#8221;#ffffff&#8221; use_background_color_gradient=&#8221;on&#8221; background_color_gradient_direction=&#8221;146deg&#8221; background_color_gradient_stops=&#8221;rgba(95,160,216,0.99) 0%|rgba(118,159,193,0.33) 100%&#8221; background_color_gradient_overlays_image=&#8221;on&#8221; background_color_gradient_start=&#8221;rgba(95,160,216,0.99)&#8221; background_color_gradient_end=&#8221;rgba(118,159,193,0.33)&#8221; background_image=&#8221;https:\/\/www.jf-guia.pt\/novo\/wp-content\/uploads\/2017\/02\/sl_1.jpg&#8221; global_colors_info=&#8221;{}&#8221;][\/et_pb_fullwidth_header][\/et_pb_section][et_pb_section fb_built=&#8221;1&#8243; admin_label=&#8221;section&#8221; _builder_version=&#8221;4.16&#8243; transparent_background=&#8221;off&#8221; global_colors_info=&#8221;{}&#8221;][et_pb_row _builder_version=&#8221;4.17.3&#8243; _module_preset=&#8221;default&#8221; global_colors_info=&#8221;{}&#8221;][et_pb_column type=&#8221;4_4&#8243; _builder_version=&#8221;4.17.3&#8243; _module_preset=&#8221;default&#8221; global_colors_info=&#8221;{}&#8221;][et_pb_text _builder_version=&#8221;4.17.3&#8243; _module_preset=&#8221;default&#8221; custom_margin=&#8221;-116px|||||&#8221; custom_padding=&#8221;||109px|||&#8221; hover_enabled=&#8221;0&#8243; global_colors_info=&#8221;{}&#8221; sticky_enabled=&#8221;0&#8243;]<\/p>\n<h5><span style=\"color: #008000;\">BALC\u00c3O DE ATENDIMENTO MUNICIPAL<\/span><\/h5>\n<p>No \u00e2mbito do Projecto \u201cMais@utarquia\u201d, a C\u00e2mara Municipal de Pombal criou uma ferramenta\u00a0inform\u00e1tica, designada B@M, que permite a presta\u00e7\u00e3o de servi\u00e7os municipais nas Juntas de\u00a0Freguesia, nomeadamente requerimentos v\u00e1rios, pagamento de faturas de \u00e1gua, etc., evitando\u00a0que os mun\u00edcipes se desloquem ao Munic\u00edpio para satisfazer as suas pretens\u00f5es.<\/p>\n<p>[\/et_pb_text][\/et_pb_column][\/et_pb_row][\/et_pb_section]<\/p>\n","protected":false},"excerpt":{"rendered":"<p>BALC\u00c3O DE ATENDIMENTO MUNICIPAL No \u00e2mbito do Projecto \u201cMais@utarquia\u201d, a C\u00e2mara Municipal de Pombal criou uma ferramenta\u00a0inform\u00e1tica, designada B@M, que permite a presta\u00e7\u00e3o de servi\u00e7os municipais nas Juntas de\u00a0Freguesia, nomeadamente requerimentos v\u00e1rios, pagamento de faturas de \u00e1gua, etc., evitando\u00a0que os mun\u00edcipes se desloquem ao Munic\u00edpio para satisfazer as suas pretens\u00f5es.<\/p>\n","protected":false},"author":2,"featured_media":0,"parent":0,"menu_order":0,"comment_status":"closed","ping_status":"closed","template":"","meta":{"_et_pb_use_builder":"on","_et_pb_old_content":"","_et_gb_content_width":"","footnotes":""},"class_list":["post-358","page","type-page","status-publish","hentry"],"_links":{"self":[{"href":"https:\/\/www.jf-guia.pt\/index.php?rest_route=\/wp\/v2\/pages\/358","targetHints":{"allow":["GET"]}}],"collection":[{"href":"https:\/\/www.jf-guia.pt\/index.php?rest_route=\/wp\/v2\/pages"}],"about":[{"href":"https:\/\/www.jf-guia.pt\/index.php?rest_route=\/wp\/v2\/types\/page"}],"author":[{"embeddable":true,"href":"https:\/\/www.jf-guia.pt\/index.php?rest_route=\/wp\/v2\/users\/2"}],"replies":[{"embeddable":true,"href":"https:\/\/www.jf-guia.pt\/index.php?rest_route=%2Fwp%2Fv2%2Fcomments&post=358"}],"version-history":[{"count":6,"href":"https:\/\/www.jf-guia.pt\/index.php?rest_route=\/wp\/v2\/pages\/358\/revisions"}],"predecessor-version":[{"id":1045,"href":"https:\/\/www.jf-guia.pt\/index.php?rest_route=\/wp\/v2\/pages\/358\/revisions\/1045"}],"wp:attachment":[{"href":"https:\/\/www.jf-guia.pt\/index.php?rest_route=%2Fwp%2Fv2%2Fmedia&parent=358"}],"curies":[{"name":"wp","href":"https:\/\/api.w.org\/{rel}","templated":true}]}}