{"id":344,"date":"2022-05-06T14:08:03","date_gmt":"2022-05-06T14:08:03","guid":{"rendered":"https:\/\/www.jf-guia.pt\/novo\/?page_id=344"},"modified":"2025-12-17T16:43:52","modified_gmt":"2025-12-17T16:43:52","slug":"zona-industrial-zig","status":"publish","type":"page","link":"https:\/\/www.jf-guia.pt\/?page_id=344","title":{"rendered":"Zona Industrial &#8211; ZIG"},"content":{"rendered":"<p>[et_pb_section fb_built=&#8221;1&#8243; fullwidth=&#8221;on&#8221; _builder_version=&#8221;4.17.3&#8243; _module_preset=&#8221;default&#8221; locked=&#8221;off&#8221; global_colors_info=&#8221;{}&#8221;][et_pb_fullwidth_header _builder_version=&#8221;4.27.5&#8243; _module_preset=&#8221;default&#8221; title_font=&#8221;|700|||||||&#8221; title_text_color=&#8221;#FFFFFF&#8221; title_font_size=&#8221;40px&#8221; background_enable_color=&#8221;off&#8221; background_image=&#8221;https:\/\/www.jf-guia.pt\/novo\/wp-content\/uploads\/2025\/12\/header-3.jpg&#8221; background_position=&#8221;bottom_center&#8221; background_vertical_offset=&#8221;51%&#8221; custom_margin=&#8221;||||false|false&#8221; custom_padding=&#8221;100px||100px||false|false&#8221; hover_enabled=&#8221;0&#8243; title_text_shadow_style=&#8221;preset1&#8243; text_shadow_style=&#8221;preset3&#8243; global_colors_info=&#8221;{}&#8221; sticky_enabled=&#8221;0&#8243;][\/et_pb_fullwidth_header][\/et_pb_section][et_pb_section fb_built=&#8221;1&#8243; theme_builder_area=&#8221;post_content&#8221; _builder_version=&#8221;4.27.5&#8243; _module_preset=&#8221;default&#8221;][et_pb_row _builder_version=&#8221;4.27.5&#8243; _module_preset=&#8221;default&#8221; theme_builder_area=&#8221;post_content&#8221;][et_pb_column _builder_version=&#8221;4.27.5&#8243; _module_preset=&#8221;default&#8221; type=&#8221;4_4&#8243; theme_builder_area=&#8221;post_content&#8221;][et_pb_text _builder_version=&#8221;4.27.5&#8243; _module_preset=&#8221;default&#8221; theme_builder_area=&#8221;post_content&#8221; header_font_size=&#8221;40px&#8221; hover_enabled=&#8221;0&#8243; sticky_enabled=&#8221;0&#8243;]<\/p>\n<h1>Zona Industrial &#8211; ZIG<\/h1>\n<p style=\"text-align: justify;\">Localizada junto \u00e0 vila da Guia, na parte mais a oeste do concelho de Pombal e pr\u00f3ximo do oceano Atl\u00e2ntico, a Zona Industrial da Guia assume-se como uma infraestrutura moderna e estrategicamente localizada junto \u00e0 A17, \u00e0 EN109 e \u00e0 linha ferrovi\u00e1ria do Oeste.<\/p>\n<p style=\"text-align: justify;\">Ocupa uma \u00e1rea de 143 698 m2, dividida em 21 lotes, com \u00e1reas compreendidas entre os 1898 m2 e os 13 480 m2, encontrando-se 9 empresas instaladas, havendo a disponibilidade de lotes para a instala\u00e7\u00e3o de novas empresas.<\/p>\n<p style=\"text-align: justify;\">A Zona Industrial da Guia \u00e9 uma val\u00eancia municipal de primeira linha para a promo\u00e7\u00e3o do desenvolvimento econ\u00f3mico do concelho, privilegiando a instala\u00e7\u00e3o de empresas com elevada incorpora\u00e7\u00e3o de inova\u00e7\u00e3o e de tecnologia, que apostem na utiliza\u00e7\u00e3o de energias renov\u00e1veis e que cultivem o respeito pelo meio ambiente.<\/p>\n<p>[\/et_pb_text][et_pb_image src=&#8221;https:\/\/www.jf-guia.pt\/novo\/wp-content\/uploads\/2022\/05\/ZIG_guia_web.jpg&#8221; _builder_version=&#8221;4.27.5&#8243; _module_preset=&#8221;default&#8221; theme_builder_area=&#8221;post_content&#8221; hover_enabled=&#8221;0&#8243; sticky_enabled=&#8221;0&#8243;][\/et_pb_image][\/et_pb_column][\/et_pb_row][\/et_pb_section]<\/p>\n","protected":false},"excerpt":{"rendered":"<p>Zona Industrial &#8211; ZIG Localizada junto \u00e0 vila da Guia, na parte mais a oeste do concelho de Pombal e pr\u00f3ximo do oceano Atl\u00e2ntico, a Zona Industrial da Guia assume-se como uma infraestrutura moderna e estrategicamente localizada junto \u00e0 A17, \u00e0 EN109 e \u00e0 linha ferrovi\u00e1ria do Oeste. Ocupa uma \u00e1rea de 143 698 m2, [&hellip;]<\/p>\n","protected":false},"author":2,"featured_media":0,"parent":0,"menu_order":0,"comment_status":"closed","ping_status":"closed","template":"","meta":{"_et_pb_use_builder":"on","_et_pb_old_content":"","_et_gb_content_width":"","footnotes":""},"class_list":["post-344","page","type-page","status-publish","hentry"],"_links":{"self":[{"href":"https:\/\/www.jf-guia.pt\/index.php?rest_route=\/wp\/v2\/pages\/344","targetHints":{"allow":["GET"]}}],"collection":[{"href":"https:\/\/www.jf-guia.pt\/index.php?rest_route=\/wp\/v2\/pages"}],"about":[{"href":"https:\/\/www.jf-guia.pt\/index.php?rest_route=\/wp\/v2\/types\/page"}],"author":[{"embeddable":true,"href":"https:\/\/www.jf-guia.pt\/index.php?rest_route=\/wp\/v2\/users\/2"}],"replies":[{"embeddable":true,"href":"https:\/\/www.jf-guia.pt\/index.php?rest_route=%2Fwp%2Fv2%2Fcomments&post=344"}],"version-history":[{"count":6,"href":"https:\/\/www.jf-guia.pt\/index.php?rest_route=\/wp\/v2\/pages\/344\/revisions"}],"predecessor-version":[{"id":1958,"href":"https:\/\/www.jf-guia.pt\/index.php?rest_route=\/wp\/v2\/pages\/344\/revisions\/1958"}],"wp:attachment":[{"href":"https:\/\/www.jf-guia.pt\/index.php?rest_route=%2Fwp%2Fv2%2Fmedia&parent=344"}],"curies":[{"name":"wp","href":"https:\/\/api.w.org\/{rel}","templated":true}]}}