{"id":338,"date":"2022-05-06T14:06:29","date_gmt":"2022-05-06T14:06:29","guid":{"rendered":"https:\/\/www.jf-guia.pt\/novo\/?page_id=338"},"modified":"2025-12-17T15:06:10","modified_gmt":"2025-12-17T15:06:10","slug":"documentos","status":"publish","type":"page","link":"https:\/\/www.jf-guia.pt\/?page_id=338","title":{"rendered":"Documentos"},"content":{"rendered":"<p>[et_pb_section fb_built=&#8221;1&#8243; fullwidth=&#8221;on&#8221; _builder_version=&#8221;4.17.3&#8243; _module_preset=&#8221;default&#8221; locked=&#8221;off&#8221; global_colors_info=&#8221;{}&#8221;][et_pb_fullwidth_header _builder_version=&#8221;4.17.3&#8243; _module_preset=&#8221;default&#8221; title_font=&#8221;|700|||||||&#8221; title_text_color=&#8221;#FFFFFF&#8221; title_font_size=&#8221;40px&#8221; background_enable_color=&#8221;off&#8221; background_image=&#8221;https:\/\/www.jf-guia.pt\/novo\/wp-content\/uploads\/2022\/05\/pexels-cytonn-photography-955389.jpg&#8221; background_position=&#8221;bottom_center&#8221; background_vertical_offset=&#8221;57%&#8221; custom_margin=&#8221;||||false|false&#8221; custom_padding=&#8221;100px||100px||false|false&#8221; title_text_shadow_style=&#8221;preset1&#8243; text_shadow_style=&#8221;preset3&#8243; global_colors_info=&#8221;{}&#8221;][\/et_pb_fullwidth_header][\/et_pb_section][et_pb_section fb_built=&#8221;1&#8243; admin_label=&#8221;section&#8221; _builder_version=&#8221;4.16&#8243; transparent_background=&#8221;off&#8221; global_colors_info=&#8221;{}&#8221;][et_pb_row _builder_version=&#8221;4.21.0&#8243; _module_preset=&#8221;default&#8221; global_colors_info=&#8221;{}&#8221;][et_pb_column type=&#8221;4_4&#8243; _builder_version=&#8221;4.21.0&#8243; _module_preset=&#8221;default&#8221; global_colors_info=&#8221;{}&#8221;][et_pb_text _builder_version=&#8221;4.21.0&#8243; _module_preset=&#8221;default&#8221; global_colors_info=&#8221;{}&#8221;]<\/p>\n<h1>Documentos<\/h1>\n<h3>Documentos de presta\u00e7\u00e3o de contas e previsionais<\/h3>\n<p>[\/et_pb_text][et_pb_text _builder_version=&#8221;4.27.4&#8243; _module_preset=&#8221;default&#8221; global_colors_info=&#8221;{}&#8221;]<\/p>\n<p><a href=\"https:\/\/www.jf-guia.pt\/novo\/wp-content\/uploads\/2025\/11\/EDITAL.pdf\">Sess\u00e3o Extraordin\u00e1ria da Assembleia de Freguesia<\/a><\/p>\n<p><a href=\"https:\/\/www.jf-guia.pt\/novo\/wp-content\/uploads\/2025\/11\/Edital-Atendimento-ao-Publico.jpg\">Edital &#8211; Atendimento ao Publico<\/a><\/p>\n<p><a href=\"https:\/\/www.jf-guia.pt\/novo\/wp-content\/uploads\/2025\/11\/Edital-Reunioes-de-Junta.jpg\">Edital &#8211; Reunioes de Junta<\/a><\/p>\n<p>[\/et_pb_text][et_pb_text _builder_version=&#8221;4.27.4&#8243; _module_preset=&#8221;default&#8221; global_colors_info=&#8221;{}&#8221;]<\/p>\n<p><a href=\"https:\/\/www.jf-guia.pt\/novo\/wp-content\/uploads\/2024\/10\/Projeto-requalificacao-Largo-Francisco-Fernandes-Estrada-relatorio-tecnico.pdf\">Projeto (de execu\u00e7\u00e3o) de Requalifica\u00e7\u00e3o do Largo Francisco Fernandes Estrada<\/a><\/p>\n<p>[\/et_pb_text][\/et_pb_column][\/et_pb_row][\/et_pb_section]<\/p>\n","protected":false},"excerpt":{"rendered":"<p>Documentos Documentos de presta\u00e7\u00e3o de contas e previsionaisSess\u00e3o Extraordin\u00e1ria da Assembleia de Freguesia Edital &#8211; Atendimento ao Publico Edital &#8211; Reunioes de JuntaProjeto (de execu\u00e7\u00e3o) de Requalifica\u00e7\u00e3o do Largo Francisco Fernandes Estrada<\/p>\n","protected":false},"author":2,"featured_media":0,"parent":0,"menu_order":0,"comment_status":"closed","ping_status":"closed","template":"","meta":{"_et_pb_use_builder":"on","_et_pb_old_content":"","_et_gb_content_width":"","footnotes":""},"class_list":["post-338","page","type-page","status-publish","hentry"],"_links":{"self":[{"href":"https:\/\/www.jf-guia.pt\/index.php?rest_route=\/wp\/v2\/pages\/338","targetHints":{"allow":["GET"]}}],"collection":[{"href":"https:\/\/www.jf-guia.pt\/index.php?rest_route=\/wp\/v2\/pages"}],"about":[{"href":"https:\/\/www.jf-guia.pt\/index.php?rest_route=\/wp\/v2\/types\/page"}],"author":[{"embeddable":true,"href":"https:\/\/www.jf-guia.pt\/index.php?rest_route=\/wp\/v2\/users\/2"}],"replies":[{"embeddable":true,"href":"https:\/\/www.jf-guia.pt\/index.php?rest_route=%2Fwp%2Fv2%2Fcomments&post=338"}],"version-history":[{"count":28,"href":"https:\/\/www.jf-guia.pt\/index.php?rest_route=\/wp\/v2\/pages\/338\/revisions"}],"predecessor-version":[{"id":1933,"href":"https:\/\/www.jf-guia.pt\/index.php?rest_route=\/wp\/v2\/pages\/338\/revisions\/1933"}],"wp:attachment":[{"href":"https:\/\/www.jf-guia.pt\/index.php?rest_route=%2Fwp%2Fv2%2Fmedia&parent=338"}],"curies":[{"name":"wp","href":"https:\/\/api.w.org\/{rel}","templated":true}]}}