{"id":319,"date":"2022-05-05T17:04:26","date_gmt":"2022-05-05T17:04:26","guid":{"rendered":"https:\/\/www.jf-guia.pt\/novo\/?page_id=319"},"modified":"2025-12-09T11:55:17","modified_gmt":"2025-12-09T11:55:17","slug":"assembleia","status":"publish","type":"page","link":"https:\/\/www.jf-guia.pt\/?page_id=319","title":{"rendered":"Assembleia"},"content":{"rendered":"<p>[et_pb_section fb_built=&#8221;1&#8243; fullwidth=&#8221;on&#8221; _builder_version=&#8221;4.17.3&#8243; _module_preset=&#8221;default&#8221; locked=&#8221;off&#8221; global_colors_info=&#8221;{}&#8221;][et_pb_fullwidth_header _builder_version=&#8221;4.27.4&#8243; _module_preset=&#8221;default&#8221; title_font=&#8221;|700|||||||&#8221; title_text_color=&#8221;#FFFFFF&#8221; title_font_size=&#8221;40px&#8221; background_enable_color=&#8221;off&#8221; background_image=&#8221;https:\/\/www.jf-guia.pt\/novo\/wp-content\/uploads\/2022\/05\/PFz_20180516_201432_DJI_0462.jpg&#8221; background_position=&#8221;bottom_center&#8221; background_vertical_offset=&#8221;51%&#8221; custom_margin=&#8221;||||false|false&#8221; custom_padding=&#8221;100px||100px||false|false&#8221; title_text_shadow_style=&#8221;preset1&#8243; text_shadow_style=&#8221;preset3&#8243; global_colors_info=&#8221;{}&#8221;][\/et_pb_fullwidth_header][\/et_pb_section][et_pb_section fb_built=&#8221;1&#8243; admin_label=&#8221;section&#8221; _builder_version=&#8221;4.16&#8243; transparent_background=&#8221;off&#8221; global_colors_info=&#8221;{}&#8221;][et_pb_row _builder_version=&#8221;4.21.0&#8243; _module_preset=&#8221;default&#8221; global_colors_info=&#8221;{}&#8221;][et_pb_column type=&#8221;4_4&#8243; _builder_version=&#8221;4.21.0&#8243; _module_preset=&#8221;default&#8221; global_colors_info=&#8221;{}&#8221;][et_pb_text _builder_version=&#8221;4.21.0&#8243; _module_preset=&#8221;default&#8221; global_colors_info=&#8221;{}&#8221;]<\/p>\n<h2>Mesa da Assembleia de Freguesia:<\/h2>\n<p><strong>Presidente:<\/strong> Carlos Manuel Mota de Carvalho<\/p>\n<p><strong>1\u00ba Secret\u00e1rio:<\/strong> Carlos Manuel da Cruz Estrada<\/p>\n<p><strong>2\u00aa Secret\u00e1ria:<\/strong> Susana do Carmo Fernandes<\/p>\n<h2>Membros da Assembleia de Freguesia:<\/h2>\n<p>Carlos Manuel Lopes Domingues<br \/>Jos\u00e9 Ant\u00f3nio da Cruz Silveirinha<br \/>Eva Patr\u00edcia Teixeira Lopes Reina<br \/>Carlos Manuel Pedrosa Duarte<br \/>S\u00edlvia Sofia Sintra Almeida<br \/>Marco Renato Santos Carreira<\/p>\n<p>[\/et_pb_text][\/et_pb_column][\/et_pb_row][\/et_pb_section]<\/p>\n","protected":false},"excerpt":{"rendered":"<p>Mesa da Assembleia de Freguesia: Presidente: Carlos Manuel Mota de Carvalho 1\u00ba Secret\u00e1rio: Carlos Manuel da Cruz Estrada 2\u00aa Secret\u00e1ria: Susana do Carmo Fernandes Membros da Assembleia de Freguesia: Carlos Manuel Lopes DominguesJos\u00e9 Ant\u00f3nio da Cruz SilveirinhaEva Patr\u00edcia Teixeira Lopes ReinaCarlos Manuel Pedrosa DuarteS\u00edlvia Sofia Sintra AlmeidaMarco Renato Santos Carreira<\/p>\n","protected":false},"author":2,"featured_media":0,"parent":0,"menu_order":0,"comment_status":"closed","ping_status":"closed","template":"","meta":{"_et_pb_use_builder":"on","_et_pb_old_content":"","_et_gb_content_width":"","footnotes":""},"class_list":["post-319","page","type-page","status-publish","hentry"],"_links":{"self":[{"href":"https:\/\/www.jf-guia.pt\/index.php?rest_route=\/wp\/v2\/pages\/319","targetHints":{"allow":["GET"]}}],"collection":[{"href":"https:\/\/www.jf-guia.pt\/index.php?rest_route=\/wp\/v2\/pages"}],"about":[{"href":"https:\/\/www.jf-guia.pt\/index.php?rest_route=\/wp\/v2\/types\/page"}],"author":[{"embeddable":true,"href":"https:\/\/www.jf-guia.pt\/index.php?rest_route=\/wp\/v2\/users\/2"}],"replies":[{"embeddable":true,"href":"https:\/\/www.jf-guia.pt\/index.php?rest_route=%2Fwp%2Fv2%2Fcomments&post=319"}],"version-history":[{"count":5,"href":"https:\/\/www.jf-guia.pt\/index.php?rest_route=\/wp\/v2\/pages\/319\/revisions"}],"predecessor-version":[{"id":1854,"href":"https:\/\/www.jf-guia.pt\/index.php?rest_route=\/wp\/v2\/pages\/319\/revisions\/1854"}],"wp:attachment":[{"href":"https:\/\/www.jf-guia.pt\/index.php?rest_route=%2Fwp%2Fv2%2Fmedia&parent=319"}],"curies":[{"name":"wp","href":"https:\/\/api.w.org\/{rel}","templated":true}]}}