{"id":304,"date":"2022-05-05T17:02:22","date_gmt":"2022-05-05T17:02:22","guid":{"rendered":"https:\/\/www.jf-guia.pt\/novo\/?page_id=304"},"modified":"2025-11-24T16:47:57","modified_gmt":"2025-11-24T16:47:57","slug":"mensagem-da-presidente","status":"publish","type":"page","link":"https:\/\/www.jf-guia.pt\/?page_id=304","title":{"rendered":"Mensagem da Presidente"},"content":{"rendered":"<p>[et_pb_section fb_built=&#8221;1&#8243; fullwidth=&#8221;on&#8221; _builder_version=&#8221;4.17.3&#8243; _module_preset=&#8221;default&#8221; locked=&#8221;off&#8221; global_colors_info=&#8221;{}&#8221;][et_pb_fullwidth_header _builder_version=&#8221;4.27.4&#8243; _module_preset=&#8221;default&#8221; title_font=&#8221;|700|||||||&#8221; title_text_color=&#8221;#FFFFFF&#8221; title_font_size=&#8221;40px&#8221; background_enable_color=&#8221;off&#8221; background_image=&#8221;https:\/\/www.jf-guia.pt\/novo\/wp-content\/uploads\/2022\/05\/PFz_20180516_201432_DJI_0462.jpg&#8221; background_position=&#8221;bottom_center&#8221; background_vertical_offset=&#8221;51%&#8221; custom_margin=&#8221;||||false|false&#8221; custom_padding=&#8221;100px||100px||false|false&#8221; title_text_shadow_style=&#8221;preset1&#8243; text_shadow_style=&#8221;preset3&#8243; global_colors_info=&#8221;{}&#8221;][\/et_pb_fullwidth_header][\/et_pb_section][et_pb_section fb_built=&#8221;1&#8243; fullwidth=&#8221;on&#8221; _builder_version=&#8221;4.17.3&#8243; background_color=&#8221;#FFFFFF&#8221; locked=&#8221;off&#8221; global_colors_info=&#8221;{}&#8221;][et_pb_fullwidth_header title=&#8221;Mensagem da Presidente&#8221; background_overlay_color=&#8221;#FFFFFF&#8221; _builder_version=&#8221;4.17.3&#8243; title_font=&#8221;||||||||&#8221; title_text_color=&#8221;#416939&#8243; title_font_size=&#8221;40px&#8221; background_color=&#8221;#ffffff&#8221; use_background_color_gradient=&#8221;on&#8221; background_color_gradient_direction=&#8221;146deg&#8221; background_color_gradient_stops=&#8221;rgba(95,160,216,0.99) 0%|rgba(118,159,193,0.33) 100%&#8221; background_color_gradient_overlays_image=&#8221;on&#8221; background_color_gradient_start=&#8221;rgba(95,160,216,0.99)&#8221; background_color_gradient_end=&#8221;rgba(118,159,193,0.33)&#8221; background_image=&#8221;https:\/\/www.jf-guia.pt\/novo\/wp-content\/uploads\/2017\/02\/sl_1.jpg&#8221; min_height=&#8221;127px&#8221; custom_margin=&#8221;||-125px|||&#8221; custom_padding=&#8221;40px|||||&#8221; global_colors_info=&#8221;{}&#8221;][\/et_pb_fullwidth_header][\/et_pb_section][et_pb_section fb_built=&#8221;1&#8243; admin_label=&#8221;section&#8221; _builder_version=&#8221;4.16&#8243; min_height=&#8221;227px&#8221; transparent_background=&#8221;off&#8221; global_colors_info=&#8221;{}&#8221;][et_pb_row column_structure=&#8221;3_5,2_5&#8243; _builder_version=&#8221;4.17.3&#8243; _module_preset=&#8221;default&#8221; global_colors_info=&#8221;{}&#8221;][et_pb_column type=&#8221;3_5&#8243; _builder_version=&#8221;4.17.3&#8243; _module_preset=&#8221;default&#8221; global_colors_info=&#8221;{}&#8221;][et_pb_text _builder_version=&#8221;4.17.3&#8243; _module_preset=&#8221;default&#8221; min_height=&#8221;781.9px&#8221; custom_padding=&#8221;4px|||||&#8221; global_colors_info=&#8221;{}&#8221;]<\/p>\n<p style=\"text-align: justify;\">Caras e caros Guienses,<\/p>\n<p style=\"text-align: justify;\">\u00c9 com enorme honra e sentido de responsabilidade que assumo a Presid\u00eancia da Junta de Freguesia da Guia. Este \u00e9 um momento hist\u00f3rico: o primeiro mandato ap\u00f3s a desagrega\u00e7\u00e3o e tamb\u00e9m a primeira vez que a nossa Freguesia \u00e9 liderada por uma mulher. Sem d\u00favida, \u00e9 um sinal de esperan\u00e7a renovada para o futuro da nossa terra!<br \/>A campanha eleitoral foi din\u00e2mica, viva e entusiasmada, marcada pelo di\u00e1logo constante com a popula\u00e7\u00e3o e pelas muitas ideias e sugest\u00f5es que recolhemos. O que mais nos transmitiram foi claro: querem uma Junta pr\u00f3xima, comprometida e transparente, que cuide do espa\u00e7o p\u00fablico, que preste servi\u00e7os de qualidade e que represente condignamente todas e todos os Fregueses. Ora, \u00e9 isso que vai guiar o nosso trabalho nos pr\u00f3ximos 4 anos.<br \/>A nossa equipa competente e diversificada est\u00e1 motivada e preparada para trabalhar em conjunto. Reunimos pessoas com experi\u00eancia no associativismo, no trabalho comunit\u00e1rio e na vida pol\u00edtica, todas pelo mesmo prop\u00f3sito: valorizar a Freguesia da Guia, as suas institui\u00e7\u00f5es, as suas cidad\u00e3s e os seus cidad\u00e3os.<br \/>Por isso, este mandato ser\u00e1 dedicado \u00e0 proximidade, ao servi\u00e7o p\u00fablico e ao compromisso com solu\u00e7\u00f5es sustent\u00e1veis para o presente e para o futuro. Queremos que a Junta seja um exemplo e uma refer\u00eancia para a comunidade, um est\u00edmulo ao seu desenvolvimento e uma garantia da defesa dos direitos e da qualidade de vida da popula\u00e7\u00e3o.<br \/>A todas e todos os Guienses, deixo uma palavra de gratid\u00e3o pela confian\u00e7a e pelo apoio. Contamos convosco para que, juntos, possamos dar \u00e0 Guia a valoriza\u00e7\u00e3o que merece.<\/p>\n<p style=\"text-align: justify;\">Ao servi\u00e7o da nossa Freguesia,<\/p>\n<p style=\"text-align: justify;\">Sandra Mendes <br \/>Presidente da Junta de Freguesia da Guia<\/p>\n<p>[\/et_pb_text][\/et_pb_column][et_pb_column type=&#8221;2_5&#8243; _builder_version=&#8221;4.17.3&#8243; _module_preset=&#8221;default&#8221; global_colors_info=&#8221;{}&#8221;][et_pb_image src=&#8221;https:\/\/www.jf-guia.pt\/novo\/wp-content\/uploads\/2025\/11\/Presidente.jpg&#8221; _builder_version=&#8221;4.27.4&#8243; _module_preset=&#8221;default&#8221; hover_enabled=&#8221;0&#8243; global_colors_info=&#8221;{}&#8221; sticky_enabled=&#8221;0&#8243;][\/et_pb_image][\/et_pb_column][\/et_pb_row][\/et_pb_section]<\/p>\n","protected":false},"excerpt":{"rendered":"<p>Caras e caros Guienses, \u00c9 com enorme honra e sentido de responsabilidade que assumo a Presid\u00eancia da Junta de Freguesia da Guia. Este \u00e9 um momento hist\u00f3rico: o primeiro mandato ap\u00f3s a desagrega\u00e7\u00e3o e tamb\u00e9m a primeira vez que a nossa Freguesia \u00e9 liderada por uma mulher. Sem d\u00favida, \u00e9 um sinal de esperan\u00e7a renovada [&hellip;]<\/p>\n","protected":false},"author":2,"featured_media":0,"parent":0,"menu_order":0,"comment_status":"closed","ping_status":"closed","template":"","meta":{"_et_pb_use_builder":"on","_et_pb_old_content":"","_et_gb_content_width":"","footnotes":""},"class_list":["post-304","page","type-page","status-publish","hentry"],"_links":{"self":[{"href":"https:\/\/www.jf-guia.pt\/index.php?rest_route=\/wp\/v2\/pages\/304","targetHints":{"allow":["GET"]}}],"collection":[{"href":"https:\/\/www.jf-guia.pt\/index.php?rest_route=\/wp\/v2\/pages"}],"about":[{"href":"https:\/\/www.jf-guia.pt\/index.php?rest_route=\/wp\/v2\/types\/page"}],"author":[{"embeddable":true,"href":"https:\/\/www.jf-guia.pt\/index.php?rest_route=\/wp\/v2\/users\/2"}],"replies":[{"embeddable":true,"href":"https:\/\/www.jf-guia.pt\/index.php?rest_route=%2Fwp%2Fv2%2Fcomments&post=304"}],"version-history":[{"count":15,"href":"https:\/\/www.jf-guia.pt\/index.php?rest_route=\/wp\/v2\/pages\/304\/revisions"}],"predecessor-version":[{"id":1838,"href":"https:\/\/www.jf-guia.pt\/index.php?rest_route=\/wp\/v2\/pages\/304\/revisions\/1838"}],"wp:attachment":[{"href":"https:\/\/www.jf-guia.pt\/index.php?rest_route=%2Fwp%2Fv2%2Fmedia&parent=304"}],"curies":[{"name":"wp","href":"https:\/\/api.w.org\/{rel}","templated":true}]}}