{"id":1918,"date":"2025-12-11T18:24:29","date_gmt":"2025-12-11T18:24:29","guid":{"rendered":"https:\/\/www.jf-guia.pt\/novo\/?page_id=1918"},"modified":"2025-12-17T12:27:33","modified_gmt":"2025-12-17T12:27:33","slug":"pdr2020","status":"publish","type":"page","link":"https:\/\/www.jf-guia.pt\/?page_id=1918","title":{"rendered":"PDR2020"},"content":{"rendered":"<p>[et_pb_section fb_built=&#8221;1&#8243; _builder_version=&#8221;4.27.5&#8243; _module_preset=&#8221;default&#8221; global_colors_info=&#8221;{}&#8221;][et_pb_row _builder_version=&#8221;4.27.5&#8243; _module_preset=&#8221;default&#8221; global_colors_info=&#8221;{}&#8221;][et_pb_column type=&#8221;4_4&#8243; _builder_version=&#8221;4.27.5&#8243; _module_preset=&#8221;default&#8221; global_colors_info=&#8221;{}&#8221;][et_pb_text _builder_version=&#8221;4.27.5&#8243; _module_preset=&#8221;default&#8221; global_colors_info=&#8221;{}&#8221;]<\/p>\n<p>FICHA DE PROJETO<\/p>\n<p>Designa\u00e7\u00e3o do Projeto:<\/p>\n<p>Valoriza\u00e7\u00e3o\/Beneficia\u00e7\u00e3o do Largo do Rossio.<\/p>\n<p>C\u00f3digo do Projeto:<\/p>\n<p>PDR2020-10216-082547<\/p>\n<p>Objetivo Principal:<\/p>\n<p>Interven\u00e7\u00e3o no Largo do Rossio &#8211; Guia, para a requalifica\u00e7\u00e3o de uma fonte de \u00e1gua e cria\u00e7\u00e3o de jardim, onde hoje se encontra uma pra\u00e7a, pretendendo assim adaptar o espa\u00e7o \u00e0s necessidades da popula\u00e7\u00e3o de hoje e desenvolver um conjunto de a\u00e7\u00f5es para dar a conhecer o patrim\u00f3nio hist\u00f3rico, natural e cultural das nossas freguesias.<\/p>\n<p>Regi\u00e3o de Interven\u00e7\u00e3o: <\/p>\n<p>Terras de Sic\u00f3 \u2013 Concelho de Pombal \u2013 Freguesia da Guia, Ilha e Mata Mourisca.<\/p>\n<p>Entidade Benefici\u00e1ria: <\/p>\n<p>Freguesia de Guia, Ilha e Mata Mourisca.<\/p>\n<p>Data da Aprova\u00e7\u00e3o\/Homologa\u00e7\u00e3o: <\/p>\n<p>21-03-2023<\/p>\n<p>Data de assinatura do Termo de Aceita\u00e7\u00e3o:<\/p>\n<p>28-03-2023<\/p>\n<p>Data de in\u00edcio: <\/p>\n<p>28-02-2022<\/p>\n<p>Data de Conclus\u00e3o: <\/p>\n<p>16-05-2025<\/p>\n<p>Financiamento P\u00fablico: <\/p>\n<p>152 909,69\u20ac<\/p>\n<p>Contribui\u00e7\u00e3o FEADER:<\/p>\n<p>129 973,23\u20ac<\/p>\n<p>Contribui\u00e7\u00e3o P\u00fablica Nacional: <\/p>\n<p>22 936,46\u20ac<\/p>\n<p>[\/et_pb_text][et_pb_gallery _builder_version=&#8221;4.27.5&#8243; _module_preset=&#8221;default&#8221; gallery_ids=&#8221;1927,1928,1929,1930&#8243; hover_enabled=&#8221;0&#8243; sticky_enabled=&#8221;0&#8243; hover_icon=&#8221;&#x59;||divi||400&#8243;][\/et_pb_gallery][\/et_pb_column][\/et_pb_row][\/et_pb_section]<\/p>\n","protected":false},"excerpt":{"rendered":"<p>FICHA DE PROJETO Designa\u00e7\u00e3o do Projeto: Valoriza\u00e7\u00e3o\/Beneficia\u00e7\u00e3o do Largo do Rossio. C\u00f3digo do Projeto: PDR2020-10216-082547 Objetivo Principal: Interven\u00e7\u00e3o no Largo do Rossio &#8211; Guia, para a requalifica\u00e7\u00e3o de uma fonte de \u00e1gua e cria\u00e7\u00e3o de jardim, onde hoje se encontra uma pra\u00e7a, pretendendo assim adaptar o espa\u00e7o \u00e0s necessidades da popula\u00e7\u00e3o de hoje e desenvolver [&hellip;]<\/p>\n","protected":false},"author":2,"featured_media":0,"parent":0,"menu_order":0,"comment_status":"closed","ping_status":"closed","template":"","meta":{"_et_pb_use_builder":"on","_et_pb_old_content":"","_et_gb_content_width":"","footnotes":""},"class_list":["post-1918","page","type-page","status-publish","hentry"],"_links":{"self":[{"href":"https:\/\/www.jf-guia.pt\/index.php?rest_route=\/wp\/v2\/pages\/1918","targetHints":{"allow":["GET"]}}],"collection":[{"href":"https:\/\/www.jf-guia.pt\/index.php?rest_route=\/wp\/v2\/pages"}],"about":[{"href":"https:\/\/www.jf-guia.pt\/index.php?rest_route=\/wp\/v2\/types\/page"}],"author":[{"embeddable":true,"href":"https:\/\/www.jf-guia.pt\/index.php?rest_route=\/wp\/v2\/users\/2"}],"replies":[{"embeddable":true,"href":"https:\/\/www.jf-guia.pt\/index.php?rest_route=%2Fwp%2Fv2%2Fcomments&post=1918"}],"version-history":[{"count":3,"href":"https:\/\/www.jf-guia.pt\/index.php?rest_route=\/wp\/v2\/pages\/1918\/revisions"}],"predecessor-version":[{"id":1932,"href":"https:\/\/www.jf-guia.pt\/index.php?rest_route=\/wp\/v2\/pages\/1918\/revisions\/1932"}],"wp:attachment":[{"href":"https:\/\/www.jf-guia.pt\/index.php?rest_route=%2Fwp%2Fv2%2Fmedia&parent=1918"}],"curies":[{"name":"wp","href":"https:\/\/api.w.org\/{rel}","templated":true}]}}