{"id":1877,"date":"2025-12-09T12:51:47","date_gmt":"2025-12-09T12:51:47","guid":{"rendered":"https:\/\/www.jf-guia.pt\/novo\/?page_id=1877"},"modified":"2025-12-18T12:04:55","modified_gmt":"2025-12-18T12:04:55","slug":"instituicoes","status":"publish","type":"page","link":"https:\/\/www.jf-guia.pt\/?page_id=1877","title":{"rendered":"Institui\u00e7\u00f5es"},"content":{"rendered":"<p>[et_pb_section fb_built=&#8221;1&#8243; fullwidth=&#8221;on&#8221; _builder_version=&#8221;4.17.3&#8243; _module_preset=&#8221;default&#8221; global_colors_info=&#8221;{}&#8221;][et_pb_fullwidth_header _builder_version=&#8221;4.27.5&#8243; _module_preset=&#8221;default&#8221; title_font=&#8221;|700|||||||&#8221; title_text_color=&#8221;#FFFFFF&#8221; title_font_size=&#8221;40px&#8221; background_enable_color=&#8221;off&#8221; background_image=&#8221;https:\/\/www.jf-guia.pt\/novo\/wp-content\/uploads\/2022\/05\/PFz_20180516_201432_DJI_0462.jpg&#8221; background_position=&#8221;bottom_center&#8221; background_vertical_offset=&#8221;53%&#8221; custom_margin=&#8221;||||false|false&#8221; custom_padding=&#8221;100px||100px||false|false&#8221; title_text_shadow_style=&#8221;preset1&#8243; text_shadow_style=&#8221;preset3&#8243; global_colors_info=&#8221;{}&#8221;][\/et_pb_fullwidth_header][\/et_pb_section][et_pb_section fb_built=&#8221;1&#8243; admin_label=&#8221;section&#8221; _builder_version=&#8221;4.16&#8243; transparent_background=&#8221;off&#8221; global_colors_info=&#8221;{}&#8221;][et_pb_row _builder_version=&#8221;4.27.5&#8243; _module_preset=&#8221;default&#8221; global_colors_info=&#8221;{}&#8221;][et_pb_column type=&#8221;4_4&#8243; _builder_version=&#8221;4.27.5&#8243; _module_preset=&#8221;default&#8221; global_colors_info=&#8221;{}&#8221;][et_pb_text _builder_version=&#8221;4.27.5&#8243; _module_preset=&#8221;default&#8221; header_font_size=&#8221;40px&#8221; global_colors_info=&#8221;{}&#8221;]<\/p>\n<h1>Institui\u00e7\u00f5es<\/h1>\n<p>[\/et_pb_text][et_pb_text _builder_version=&#8221;4.27.5&#8243; _module_preset=&#8221;default&#8221; global_colors_info=&#8221;{}&#8221;]<\/p>\n<p><strong>ACUREDE &#8211; ASSOCIA\u00c7\u00c3O DE PROMO\u00c7\u00c3O SOCIAL, CULTURAL, RECREATIVA, DESPORTIVA DA GUIA<\/strong><br \/>Morada: Fonte Cacinho n\u00ba 2 &#8211; Guia<br \/>Telefone: 236 952 692<br \/>Email: acurede@gmail.com<\/p>\n<p><strong>CENTRO SOCIAL PAROQUIAL MARIS STELLA<\/strong><br \/>Morada: Rua da Igreja n\u00ba 29 &#8211; Guia<br \/>Telefone: 236 951 178<\/p>\n<p><strong>C\u00c1RITAS DIOCESANA DE COIMBRA<\/strong><br \/>Morada: Escola EB 2\/3 c\/ Secund\u00e1rio da Guia &#8211; Rua dos Fundadores do Col\u00e9gio &#8211; Guia<br \/>Telefone: 236 959 340<\/p>\n<p><strong>PARA\u00cdSO SONHO LAR LDA. &#8211; LAR DE IDOSOS<\/strong><br \/>Morada: Rua Campo de Futebol &#8211; Guia &#8211; Guia<br \/>Telefone: 236 952 907<\/p>\n<p>&nbsp;<\/p>\n<p><em><strong>(A junta de freguesia solicita \u00e0s v\u00e1rias associa\u00e7\u00f5es da freguesia que disponibilizem por email o seu historial para acrescentar ao nosso website. Obrigado)<\/strong><\/em><\/p>\n<p>[\/et_pb_text][\/et_pb_column][\/et_pb_row][\/et_pb_section][et_pb_section fb_built=&#8221;1&#8243; admin_label=&#8221;section&#8221; _builder_version=&#8221;4.16&#8243; transparent_background=&#8221;off&#8221; global_colors_info=&#8221;{}&#8221;][et_pb_row _builder_version=&#8221;4.27.5&#8243; _module_preset=&#8221;default&#8221; global_colors_info=&#8221;{}&#8221;][et_pb_column type=&#8221;4_4&#8243; _builder_version=&#8221;4.27.5&#8243; _module_preset=&#8221;default&#8221; global_colors_info=&#8221;{}&#8221;][et_pb_text _builder_version=&#8221;4.27.5&#8243; _module_preset=&#8221;default&#8221; header_font_size=&#8221;40px&#8221; global_colors_info=&#8221;{}&#8221;]<\/p>\n<h1>Associa\u00e7\u00f5es<\/h1>\n<p>[\/et_pb_text][\/et_pb_column][\/et_pb_row][et_pb_row _builder_version=&#8221;4.27.4&#8243; _module_preset=&#8221;default&#8221; locked=&#8221;off&#8221; global_colors_info=&#8221;{}&#8221;][et_pb_column type=&#8221;4_4&#8243; _builder_version=&#8221;4.27.4&#8243; _module_preset=&#8221;default&#8221; global_colors_info=&#8221;{}&#8221;][et_pb_text _builder_version=&#8221;4.27.4&#8243; _module_preset=&#8221;default&#8221; global_colors_info=&#8221;{}&#8221;]<\/p>\n<p style=\"text-align: justify;\"><strong>Grupo Desportivo Guiense<\/strong><br \/>Fundado em 23 de Setembro de 1974, conta com 100 associados e dedica-se \u00e0 pr\u00e1tica de Futebol de Onze (Seniores, Juvenis, Juniores e Iniciados).<\/p>\n<p style=\"text-align: justify;\"><strong>Associa\u00e7\u00e3o Promo\u00e7\u00e3o Social Cultural Recreativa e Desportiva (ACUREDE)<\/strong><br \/>Fundada em 23 de Novembro de 1974, conta com 300 associados e dedica-se \u00e0 pr\u00e1tica de Karate e Jogos de Sal\u00e3o.<\/p>\n<p style=\"text-align: justify;\"><strong>Clube de Ca\u00e7adores e Pescadores do Oeste (CLUCAPO)<\/strong><br \/>Fundado em 14 de Mar\u00e7o de 1980, conta com 460 associados e dedica-se \u00e0 pr\u00e1tica de Ca\u00e7a, Pesca, Tiro e Apicultura.<\/p>\n<p style=\"text-align: justify;\"><strong>Centro Recreativo Folcl\u00f3rico e Art\u00edstico de Ant\u00f5es<\/strong><\/p>\n<p style=\"text-align: justify;\">O Rancho Folcl\u00f3rico e Art\u00edstico de Ant\u00f5es foi fundado em Outubro de 1997, actualmente com duas centenas de associados \u00e0 colectividade. Al\u00e9m do Rancho Folcl\u00f3rico que \u00e9 a sua principal voca\u00e7\u00e3o, este Centre Recreativo conta tamb\u00e9m a pratica de futsal, de cicloturismo, B.T.T., aulas de bordados, de aer\u00f3bia, gin\u00e1stica localizada e tamb\u00e9m com um ATL.<\/p>\n<p style=\"text-align: justify;\"><strong>Outras Entidades de Car\u00e1cter Social e Associativo<\/strong><\/p>\n<p style=\"text-align: justify;\">Agrupamento 471 &#8211; Corpo Nacional de Escutas<\/p>\n<p style=\"text-align: justify;\">ARCUDE &#8211; Associa\u00e7\u00e3o Recreativa, Cultural e Desportiva do Grou<\/p>\n<p style=\"text-align: justify;\">Assoc. Cultural, Recreativa e Desportiva &#8220;As Ligeirinhas&#8221;<\/p>\n<p style=\"text-align: justify;\">Associa\u00e7\u00e3o de Promo\u00e7\u00e3o Social Desportiva Recreativa e Cultural de Moita do Boi<\/p>\n<p style=\"text-align: justify;\">Cavaleiros do Oeste<\/p>\n<p style=\"text-align: justify;\">Centro Recreativo Folcl\u00f3rico e Art\u00edstico de Ant\u00f5es<\/p>\n<p style=\"text-align: justify;\">CLUCAPO &#8211; Clube de Ca\u00e7adores e Pescadores do Oeste<\/p>\n<p style=\"text-align: justify;\">Filarm\u00f3nica da Guia &#8211; Associa\u00e7\u00e3o Art\u00edstico-Cultural<\/p>\n<p style=\"text-align: justify;\">Grupo Desportivo Guiense<\/p>\n<p style=\"text-align: justify;\">Grupo S\u00f3cio-Caritativo<\/p>\n<p style=\"text-align: justify;\">In\u00e9rcia Sport Club<\/p>\n<p style=\"text-align: justify;\">Amigos dos Bombeiros &#8211; Sec\u00e7\u00e3o do Oeste<\/p>\n<p style=\"text-align: justify;\">Associa\u00e7\u00e3o Humanit\u00e1ria dos Bombeiros Volunt\u00e1rios de Pombal<\/p>\n<p style=\"text-align: justify;\">Bombeiros Volunt\u00e1rios de Pombal<\/p>\n<p style=\"text-align: justify;\">Bombeiros Volunt\u00e1rios de Pombal &#8211; Companhia do Oeste<\/p>\n<p style=\"text-align: justify;\">Presidente do Agrupamento de Escolas da Guia<\/p>\n<p style=\"text-align: justify;\">Associa\u00e7\u00e3o de Estudantes &#8211; Agrup. Escolas da Guia<\/p>\n<p style=\"text-align: justify;\">Associa\u00e7\u00e3o de Pais &#8211; Agrup. Escolas da Guia<\/p>\n<p style=\"text-align: justify;\">Coral Polif\u00f3nico do Oeste<\/p>\n<p style=\"text-align: justify;\">Associa\u00e7\u00e3o de Pensionistas Aposentados e Reformados do Oeste<\/p>\n<p>[\/et_pb_text][\/et_pb_column][\/et_pb_row][\/et_pb_section]<\/p>\n","protected":false},"excerpt":{"rendered":"<p>Institui\u00e7\u00f5esACUREDE &#8211; ASSOCIA\u00c7\u00c3O DE PROMO\u00c7\u00c3O SOCIAL, CULTURAL, RECREATIVA, DESPORTIVA DA GUIAMorada: Fonte Cacinho n\u00ba 2 &#8211; GuiaTelefone: 236 952 692Email: acurede@gmail.com CENTRO SOCIAL PAROQUIAL MARIS STELLAMorada: Rua da Igreja n\u00ba 29 &#8211; GuiaTelefone: 236 951 178 C\u00c1RITAS DIOCESANA DE COIMBRAMorada: Escola EB 2\/3 c\/ Secund\u00e1rio da Guia &#8211; Rua dos Fundadores do Col\u00e9gio &#8211; GuiaTelefone: [&hellip;]<\/p>\n","protected":false},"author":2,"featured_media":0,"parent":0,"menu_order":0,"comment_status":"closed","ping_status":"closed","template":"","meta":{"_et_pb_use_builder":"on","_et_pb_old_content":"","_et_gb_content_width":"","footnotes":""},"class_list":["post-1877","page","type-page","status-publish","hentry"],"_links":{"self":[{"href":"https:\/\/www.jf-guia.pt\/index.php?rest_route=\/wp\/v2\/pages\/1877","targetHints":{"allow":["GET"]}}],"collection":[{"href":"https:\/\/www.jf-guia.pt\/index.php?rest_route=\/wp\/v2\/pages"}],"about":[{"href":"https:\/\/www.jf-guia.pt\/index.php?rest_route=\/wp\/v2\/types\/page"}],"author":[{"embeddable":true,"href":"https:\/\/www.jf-guia.pt\/index.php?rest_route=\/wp\/v2\/users\/2"}],"replies":[{"embeddable":true,"href":"https:\/\/www.jf-guia.pt\/index.php?rest_route=%2Fwp%2Fv2%2Fcomments&post=1877"}],"version-history":[{"count":6,"href":"https:\/\/www.jf-guia.pt\/index.php?rest_route=\/wp\/v2\/pages\/1877\/revisions"}],"predecessor-version":[{"id":1989,"href":"https:\/\/www.jf-guia.pt\/index.php?rest_route=\/wp\/v2\/pages\/1877\/revisions\/1989"}],"wp:attachment":[{"href":"https:\/\/www.jf-guia.pt\/index.php?rest_route=%2Fwp%2Fv2%2Fmedia&parent=1877"}],"curies":[{"name":"wp","href":"https:\/\/api.w.org\/{rel}","templated":true}]}}