{"id":1866,"date":"2025-12-09T12:21:51","date_gmt":"2025-12-09T12:21:51","guid":{"rendered":"https:\/\/www.jf-guia.pt\/novo\/?page_id=1866"},"modified":"2025-12-18T17:27:47","modified_gmt":"2025-12-18T17:27:47","slug":"festas-e-romarias","status":"publish","type":"page","link":"https:\/\/www.jf-guia.pt\/?page_id=1866","title":{"rendered":"Festas e Romarias"},"content":{"rendered":"<p>[et_pb_section fb_built=&#8221;1&#8243; fullwidth=&#8221;on&#8221; _builder_version=&#8221;4.17.3&#8243; _module_preset=&#8221;default&#8221; global_colors_info=&#8221;{}&#8221;][et_pb_fullwidth_header _builder_version=&#8221;4.27.5&#8243; _module_preset=&#8221;default&#8221; title_font=&#8221;|700|||||||&#8221; title_text_color=&#8221;#FFFFFF&#8221; title_font_size=&#8221;40px&#8221; background_enable_color=&#8221;off&#8221; background_image=&#8221;https:\/\/www.jf-guia.pt\/novo\/wp-content\/uploads\/2022\/05\/PFz_20190804_173615_DJI_0947.jpg&#8221; background_position=&#8221;bottom_center&#8221; background_vertical_offset=&#8221;37%&#8221; custom_margin=&#8221;||||false|false&#8221; custom_padding=&#8221;100px||100px||false|false&#8221; title_text_shadow_style=&#8221;preset1&#8243; text_shadow_style=&#8221;preset3&#8243; global_colors_info=&#8221;{}&#8221;][\/et_pb_fullwidth_header][\/et_pb_section][et_pb_section fb_built=&#8221;1&#8243; admin_label=&#8221;section&#8221; _builder_version=&#8221;4.16&#8243; transparent_background=&#8221;off&#8221; global_colors_info=&#8221;{}&#8221;][et_pb_row _builder_version=&#8221;4.27.4&#8243; _module_preset=&#8221;default&#8221; global_colors_info=&#8221;{}&#8221;][et_pb_column type=&#8221;4_4&#8243; _builder_version=&#8221;4.27.4&#8243; _module_preset=&#8221;default&#8221; global_colors_info=&#8221;{}&#8221;][et_pb_text _builder_version=&#8221;4.27.5&#8243; _module_preset=&#8221;default&#8221; global_colors_info=&#8221;{}&#8221;]<\/p>\n<h1>Festas e Romarias<\/h1>\n<p>A povoa\u00e7\u00e3o de Guia orgulha-se das suas tradi\u00e7\u00f5es e das actividades culturais e recreativas que desenvolve:<br \/>\u2022 Festa em Honra de S. Jorge, em Abril;<br \/>\u2022 Festival da Can\u00e7\u00e3o Amadora, em Maio;<br \/>\u2022 ExpoFago (Feira das actividades econ\u00f3micas da Guia), em Junho;<br \/>\u2022 Festival Internacional de Folclore, em Julho;<br \/>\u2022 Festa em Honra de Nossa Senhora da Guia, em Agosto;<br \/>\u2022 Encontro de Bandas Filarm\u00f3nicas, em Outubro;<br \/>\u2022 Festa em Honra de S. Clara, em Dezembro.<\/p>\n<p>[\/et_pb_text][\/et_pb_column][\/et_pb_row][\/et_pb_section]<\/p>\n","protected":false},"excerpt":{"rendered":"<p>Festas e Romarias A povoa\u00e7\u00e3o de Guia orgulha-se das suas tradi\u00e7\u00f5es e das actividades culturais e recreativas que desenvolve:\u2022 Festa em Honra de S. Jorge, em Abril;\u2022 Festival da Can\u00e7\u00e3o Amadora, em Maio;\u2022 ExpoFago (Feira das actividades econ\u00f3micas da Guia), em Junho;\u2022 Festival Internacional de Folclore, em Julho;\u2022 Festa em Honra de Nossa Senhora da [&hellip;]<\/p>\n","protected":false},"author":2,"featured_media":0,"parent":0,"menu_order":0,"comment_status":"closed","ping_status":"closed","template":"","meta":{"_et_pb_use_builder":"on","_et_pb_old_content":"","_et_gb_content_width":"","footnotes":""},"class_list":["post-1866","page","type-page","status-publish","hentry"],"_links":{"self":[{"href":"https:\/\/www.jf-guia.pt\/index.php?rest_route=\/wp\/v2\/pages\/1866","targetHints":{"allow":["GET"]}}],"collection":[{"href":"https:\/\/www.jf-guia.pt\/index.php?rest_route=\/wp\/v2\/pages"}],"about":[{"href":"https:\/\/www.jf-guia.pt\/index.php?rest_route=\/wp\/v2\/types\/page"}],"author":[{"embeddable":true,"href":"https:\/\/www.jf-guia.pt\/index.php?rest_route=\/wp\/v2\/users\/2"}],"replies":[{"embeddable":true,"href":"https:\/\/www.jf-guia.pt\/index.php?rest_route=%2Fwp%2Fv2%2Fcomments&post=1866"}],"version-history":[{"count":4,"href":"https:\/\/www.jf-guia.pt\/index.php?rest_route=\/wp\/v2\/pages\/1866\/revisions"}],"predecessor-version":[{"id":2007,"href":"https:\/\/www.jf-guia.pt\/index.php?rest_route=\/wp\/v2\/pages\/1866\/revisions\/2007"}],"wp:attachment":[{"href":"https:\/\/www.jf-guia.pt\/index.php?rest_route=%2Fwp%2Fv2%2Fmedia&parent=1866"}],"curies":[{"name":"wp","href":"https:\/\/api.w.org\/{rel}","templated":true}]}}