{"id":1824,"date":"2025-11-06T16:58:05","date_gmt":"2025-11-06T16:58:05","guid":{"rendered":"https:\/\/www.jf-guia.pt\/novo\/?page_id=1824"},"modified":"2025-12-09T12:02:11","modified_gmt":"2025-12-09T12:02:11","slug":"patrimonio","status":"publish","type":"page","link":"https:\/\/www.jf-guia.pt\/?page_id=1824","title":{"rendered":"Patrim\u00f3nio"},"content":{"rendered":"<p>[et_pb_section fb_built=&#8221;1&#8243; fullwidth=&#8221;on&#8221; _builder_version=&#8221;4.17.3&#8243; _module_preset=&#8221;default&#8221; global_colors_info=&#8221;{}&#8221;][et_pb_fullwidth_header _builder_version=&#8221;4.27.5&#8243; _module_preset=&#8221;default&#8221; title_font=&#8221;|700|||||||&#8221; title_text_color=&#8221;#FFFFFF&#8221; title_font_size=&#8221;40px&#8221; background_enable_color=&#8221;off&#8221; background_image=&#8221;https:\/\/www.jf-guia.pt\/novo\/wp-content\/uploads\/2022\/10\/sl4.jpg&#8221; custom_margin=&#8221;||||false|false&#8221; custom_padding=&#8221;100px||100px||false|false&#8221; hover_enabled=&#8221;0&#8243; title_text_shadow_style=&#8221;preset1&#8243; text_shadow_style=&#8221;preset3&#8243; global_colors_info=&#8221;{}&#8221; sticky_enabled=&#8221;0&#8243;][\/et_pb_fullwidth_header][\/et_pb_section][et_pb_section fb_built=&#8221;1&#8243; admin_label=&#8221;section&#8221; _builder_version=&#8221;4.16&#8243; transparent_background=&#8221;off&#8221; global_colors_info=&#8221;{}&#8221;][et_pb_row _builder_version=&#8221;4.27.4&#8243; _module_preset=&#8221;default&#8221; global_colors_info=&#8221;{}&#8221;][et_pb_column type=&#8221;4_4&#8243; _builder_version=&#8221;4.27.4&#8243; _module_preset=&#8221;default&#8221; global_colors_info=&#8221;{}&#8221;][et_pb_text _builder_version=&#8221;4.27.4&#8243; _module_preset=&#8221;default&#8221; global_colors_info=&#8221;{}&#8221;]<\/p>\n<p style=\"text-align: justify;\"><strong>Patrim\u00f3nio Constru\u00eddo<\/strong><\/p>\n<p style=\"text-align: justify;\">Igreja Matriz<br \/>Descri\u00e7\u00e3o<\/p>\n<p style=\"text-align: justify;\"><strong>Ermida de Nossa Senhora da Guia<\/strong><\/p>\n<p style=\"text-align: justify;\">Situada no lugar da Guia, esta ermida de peregrina\u00e7ao imp\u00f5e-se na malha urbana pelas dimens\u00f5es e impon\u00eancia da sua arquitectura, ainda que envolta por uma s\u00e9rie de edifica\u00e7\u00f5es comuns. \u00c9, talvez, a pra\u00e7a fronteira, que confere maior destaque \u00e0 fachada principal, outrora com uma majestosa torre sineira, demolida na segunda metade do s\u00e9culo XX.<\/p>\n<p style=\"text-align: justify;\">De planta longitudinal, que articula nave \u00fanica e capela-mor, a ermida de Nossa Senhora da Guia \u00e9 circundada por um alpendre apoiado em colunata toscana, que serviria de apoio \u00e0s festas e romarias, relacionando-se com o interior do templo atrav\u00e9s de v\u00e1rias portas. A fachada principal \u00e9 rematada por front\u00e3o triangular, conservando o car\u00e1cter depurado que se observa nas restantes fachadas. Muito embora sejam bastante escassas as informa\u00e7\u00f5es sobre a ermida, sabe-se que foi edificada em 1678, \u00e0s custas das esmolas dos fi\u00e9is, pois assim o indica a inscri\u00e7\u00e3o na verga de uma das portas. No interior, destaca-se a campanha decorativa barroca, de que \u00e9 principal testemunho o ret\u00e1bulo-mor, de estilo nacional e com a imagem da padroeira na tribuna. J\u00e1 no s\u00e9culo XIX, uma outra campanha decorativa foi respons\u00e1vel pelos motivos esculpidos do arco triunfal e pelas pinturas do p\u00falpito, da porta da sacristia, da base do ret\u00e1bulo e dos tectos de caixot\u00f5es da nave e capela-mor. Uma \u00faltima refer\u00eancia aos nichos que ladeiam o arco triunfal, substituem os habituais ret\u00e1bulos colaterais.<\/p>\n<p style=\"text-align: justify;\">(Ros\u00e1rio Carvalho)<\/p>\n<p style=\"text-align: justify;\">Igreja Matriz da Guia;<br \/>Capela N. Sra. da Guia;<br \/>Capela de S. Jorge;<br \/>Capela de N. Sra. do Livramento;<br \/>Centro Social e Paroquial \u201cMaris Stella\u201d;<br \/>Capela de S. Clara;<br \/>Igreja Jeov\u00e1<\/p>\n<p style=\"text-align: justify;\"><strong>Pra\u00e7a do Rossio<\/strong><\/p>\n<p>[\/et_pb_text][\/et_pb_column][\/et_pb_row][\/et_pb_section]<\/p>\n","protected":false},"excerpt":{"rendered":"<p>Patrim\u00f3nio Constru\u00eddo Igreja MatrizDescri\u00e7\u00e3o Ermida de Nossa Senhora da Guia Situada no lugar da Guia, esta ermida de peregrina\u00e7ao imp\u00f5e-se na malha urbana pelas dimens\u00f5es e impon\u00eancia da sua arquitectura, ainda que envolta por uma s\u00e9rie de edifica\u00e7\u00f5es comuns. \u00c9, talvez, a pra\u00e7a fronteira, que confere maior destaque \u00e0 fachada principal, outrora com uma majestosa [&hellip;]<\/p>\n","protected":false},"author":2,"featured_media":0,"parent":0,"menu_order":0,"comment_status":"closed","ping_status":"closed","template":"","meta":{"_et_pb_use_builder":"on","_et_pb_old_content":"","_et_gb_content_width":"","footnotes":""},"class_list":["post-1824","page","type-page","status-publish","hentry"],"_links":{"self":[{"href":"https:\/\/www.jf-guia.pt\/index.php?rest_route=\/wp\/v2\/pages\/1824","targetHints":{"allow":["GET"]}}],"collection":[{"href":"https:\/\/www.jf-guia.pt\/index.php?rest_route=\/wp\/v2\/pages"}],"about":[{"href":"https:\/\/www.jf-guia.pt\/index.php?rest_route=\/wp\/v2\/types\/page"}],"author":[{"embeddable":true,"href":"https:\/\/www.jf-guia.pt\/index.php?rest_route=\/wp\/v2\/users\/2"}],"replies":[{"embeddable":true,"href":"https:\/\/www.jf-guia.pt\/index.php?rest_route=%2Fwp%2Fv2%2Fcomments&post=1824"}],"version-history":[{"count":5,"href":"https:\/\/www.jf-guia.pt\/index.php?rest_route=\/wp\/v2\/pages\/1824\/revisions"}],"predecessor-version":[{"id":1858,"href":"https:\/\/www.jf-guia.pt\/index.php?rest_route=\/wp\/v2\/pages\/1824\/revisions\/1858"}],"wp:attachment":[{"href":"https:\/\/www.jf-guia.pt\/index.php?rest_route=%2Fwp%2Fv2%2Fmedia&parent=1824"}],"curies":[{"name":"wp","href":"https:\/\/api.w.org\/{rel}","templated":true}]}}